{"id":786,"date":"2023-10-08T07:12:17","date_gmt":"2023-10-08T05:12:17","guid":{"rendered":"https:\/\/www.fundicion-de-aluminio.eu\/empresa\/"},"modified":"2024-01-25T13:36:06","modified_gmt":"2024-01-25T12:36:06","slug":"empresa","status":"publish","type":"page","link":"https:\/\/www.fundicion-de-aluminio.eu\/fr\/","title":{"rendered":"Notre Enterprise"},"content":{"rendered":"<p>[et_pb_section fb_built=\u00a0\u00bb1&Prime; _builder_version=\u00a0\u00bb4.23&Prime; _module_preset=\u00a0\u00bbdefault\u00a0\u00bb background_color=\u00a0\u00bbRGBA(255,255,255,0)\u00a0\u00bb global_colors_info=\u00a0\u00bb{}\u00a0\u00bb][et_pb_row column_structure=\u00a0\u00bb1_2,1_2&Prime; _builder_version=\u00a0\u00bb4.23&Prime; _module_preset=\u00a0\u00bbdefault\u00a0\u00bb width=\u00a0\u00bb90%\u00a0\u00bb custom_margin=\u00a0\u00bb||||false|false\u00a0\u00bb global_colors_info=\u00a0\u00bb{}\u00a0\u00bb][et_pb_column type=\u00a0\u00bb1_2&Prime; _builder_version=\u00a0\u00bb4.22.2&Prime; _module_preset=\u00a0\u00bbdefault\u00a0\u00bb global_colors_info=\u00a0\u00bb{}\u00a0\u00bb][\/et_pb_column][et_pb_column type=\u00a0\u00bb1_2&Prime; _builder_version=\u00a0\u00bb4.23&Prime; _module_preset=\u00a0\u00bbdefault\u00a0\u00bb global_colors_info=\u00a0\u00bb{}\u00a0\u00bb][et_pb_text _builder_version=\u00a0\u00bb4.24.0&Prime; _module_preset=\u00a0\u00bbc107da09-a94f-4dd7-98d2-eda9fe53cca5&Prime; hover_enabled=\u00a0\u00bb0&Prime; global_colors_info=\u00a0\u00bb{}\u00a0\u00bb text_font=\u00a0\u00bb|700|||||||\u00a0\u00bb text_text_color=\u00a0\u00bb#e63027&Prime; text_font_size=\u00a0\u00bb24px\u00a0\u00bb sticky_enabled=\u00a0\u00bb0&Prime;]<\/p>\n<p>Fonte d\u2019aluminium par gravit\u00e9 : Moulage en sable et moulage en coquille.<\/p>\n<p>[\/et_pb_text][et_pb_text _builder_version=\u00a0\u00bb4.23&Prime; _module_preset=\u00a0\u00bbafdce832-2ed5-4ba6-9fb8-e7a58a49039f\u00a0\u00bb global_colors_info=\u00a0\u00bb{}\u00a0\u00bb]Nous sommes une soci\u00e9t\u00e9 consacr\u00e9e \u00e0 la fonte d\u2019aluminium par gravit\u00e9, de moulage en sable et moulage en coquille, de toutes sortes de pi\u00e8ces, pour de petites et grandes s\u00e9ries.[\/et_pb_text][\/et_pb_column][\/et_pb_row][\/et_pb_section][et_pb_section fb_built=\u00a0\u00bb1&Prime; _builder_version=\u00a0\u00bb4.23&Prime; _module_preset=\u00a0\u00bbdefault\u00a0\u00bb background_color=\u00a0\u00bb#000000&Prime; background_enable_image=\u00a0\u00bboff\u00a0\u00bb background_blend=\u00a0\u00bboverlay\u00a0\u00bb sticky_limit_bottom=\u00a0\u00bbbody\u00a0\u00bb scroll_fade=\u00a0\u00bb0|99|99|100|100%|100|0%\u00a0\u00bb global_colors_info=\u00a0\u00bb{}\u00a0\u00bb][et_pb_row column_structure=\u00a0\u00bb1_2,1_2&Prime; use_custom_gutter=\u00a0\u00bbon\u00a0\u00bb gutter_width=\u00a0\u00bb1&Prime; make_equal=\u00a0\u00bbon\u00a0\u00bb _builder_version=\u00a0\u00bb4.23&Prime; _module_preset=\u00a0\u00bbdefault\u00a0\u00bb background_enable_color=\u00a0\u00bboff\u00a0\u00bb background_image=\u00a0\u00bbhttps:\/\/www.fundicion-de-aluminio.eu\/wp-content\/uploads\/2023\/10\/Materia-prima-1.jpg\u00a0\u00bb background_blend=\u00a0\u00bboverlay\u00a0\u00bb background_enable_video_mp4=\u00a0\u00bboff\u00a0\u00bb background_video_pause_outside_viewport=\u00a0\u00bboff\u00a0\u00bb z_index=\u00a0\u00bb1&Prime; width=\u00a0\u00bb100%\u00a0\u00bb height=\u00a0\u00bb100vh\u00a0\u00bb custom_margin=\u00a0\u00bb0px||0px||true|false\u00a0\u00bb custom_padding=\u00a0\u00bb0px||0px||true|false\u00a0\u00bb sticky_position=\u00a0\u00bbtop_bottom\u00a0\u00bb sticky_limit_top=\u00a0\u00bbsection\u00a0\u00bb scroll_fade=\u00a0\u00bb0|82|82|100|100%|100|0%\u00a0\u00bb motion_trigger_start=\u00a0\u00bbtop\u00a0\u00bb background_color_phone=\u00a0\u00bbrgba(0,0,0,0.7)\u00a0\u00bb background_last_edited=\u00a0\u00bbon|phone\u00a0\u00bb background_enable_color_phone=\u00a0\u00bbon\u00a0\u00bb box_shadow_style=\u00a0\u00bbpreset6&Prime; box_shadow_blur=\u00a0\u00bb80px\u00a0\u00bb box_shadow_spread=\u00a0\u00bb80px\u00a0\u00bb box_shadow_color=\u00a0\u00bb#000000&Prime; global_colors_info=\u00a0\u00bb{}\u00a0\u00bb][et_pb_column type=\u00a0\u00bb1_2&Prime; _builder_version=\u00a0\u00bb4.22.2&Prime; _module_preset=\u00a0\u00bbdefault\u00a0\u00bb background_color=\u00a0\u00bbrgba(0,0,0,0.71)\u00a0\u00bb border_width_right=\u00a0\u00bb1px\u00a0\u00bb border_color_right=\u00a0\u00bb#FFFFFF\u00a0\u00bb global_colors_info=\u00a0\u00bb{}\u00a0\u00bb][\/et_pb_column][et_pb_column type=\u00a0\u00bb1_2&Prime; _builder_version=\u00a0\u00bb4.22.2&Prime; _module_preset=\u00a0\u00bbdefault\u00a0\u00bb global_colors_info=\u00a0\u00bb{}\u00a0\u00bb][\/et_pb_column][\/et_pb_row][et_pb_row column_structure=\u00a0\u00bb1_2,1_2&Prime; _builder_version=\u00a0\u00bb4.22.2&Prime; _module_preset=\u00a0\u00bbdefault\u00a0\u00bb custom_margin=\u00a0\u00bb-90vh||||false|false\u00a0\u00bb global_colors_info=\u00a0\u00bb{}\u00a0\u00bb][et_pb_column type=\u00a0\u00bb1_2&Prime; _builder_version=\u00a0\u00bb4.22.2&Prime; _module_preset=\u00a0\u00bbdefault\u00a0\u00bb custom_padding=\u00a0\u00bb|6%|||false|false\u00a0\u00bb global_colors_info=\u00a0\u00bb{}\u00a0\u00bb][et_pb_text _builder_version=\u00a0\u00bb4.23&Prime; _module_preset=\u00a0\u00bbdefault\u00a0\u00bb header_font=\u00a0\u00bb|600|||||||\u00a0\u00bb header_text_color=\u00a0\u00bb#E63027&Prime; header_font_size=\u00a0\u00bb42px\u00a0\u00bb scroll_vertical_motion_enable=\u00a0\u00bbon\u00a0\u00bb scroll_vertical_motion=\u00a0\u00bb0|50|50|100|-0.5|-0.5|0.5&Prime; scroll_fade_enable=\u00a0\u00bbon\u00a0\u00bb scroll_fade=\u00a0\u00bb60|100|100|100|100%|0%|0%\u00a0\u00bb motion_trigger_start=\u00a0\u00bbtop\u00a0\u00bb scroll_fade_tablet=\u00a0\u00bb60|100|100|100|100%|0%|0%\u00a0\u00bb scroll_fade_phone=\u00a0\u00bb60|100|100|100|100%|100%|100%\u00a0\u00bb scroll_fade_last_edited=\u00a0\u00bbon|phone\u00a0\u00bb global_colors_info=\u00a0\u00bb{}\u00a0\u00bb]<\/p>\n<h1>60 ans d\u2019exp\u00e9rience \u00e0 votre service<\/h1>\n<p>Chez Hernani, nous produisons de petites et grandes s\u00e9ries orient\u00e9es \u00e0 plusieurs march\u00e9s de diff\u00e9rents pays. Nous travaillons depuis plus d\u2019un demi-si\u00e8cle avec le m\u00eame enthousiasme qu\u2019au premier jour. C\u2019est la clef de notre succ\u00e8s. Et tel est le chemin que nous nous sommes engag\u00e9s \u00e0 suivre, lequel nous a men\u00e9s \u00e0 devenir les leaders technologiques et du secteur de la fonte d\u2019aluminium de grande qualit\u00e9.[\/et_pb_text][\/et_pb_column][et_pb_column type=\u00a0\u00bb1_2&Prime; _builder_version=\u00a0\u00bb4.22.2&Prime; _module_preset=\u00a0\u00bbdefault\u00a0\u00bb global_colors_info=\u00a0\u00bb{}\u00a0\u00bb][\/et_pb_column][\/et_pb_row][et_pb_row column_structure=\u00a0\u00bb1_2,1_2&Prime; _builder_version=\u00a0\u00bb4.23&Prime; _module_preset=\u00a0\u00bbdefault\u00a0\u00bb custom_margin=\u00a0\u00bb||20vh||false|false\u00a0\u00bb global_colors_info=\u00a0\u00bb{}\u00a0\u00bb][et_pb_column type=\u00a0\u00bb1_2&Prime; _builder_version=\u00a0\u00bb4.22.2&Prime; _module_preset=\u00a0\u00bbdefault\u00a0\u00bb custom_padding=\u00a0\u00bb|6%|||false|false\u00a0\u00bb global_colors_info=\u00a0\u00bb{}\u00a0\u00bb][et_pb_text _builder_version=\u00a0\u00bb4.23&Prime; _module_preset=\u00a0\u00bbdefault\u00a0\u00bb header_font=\u00a0\u00bb|600|||||||\u00a0\u00bb header_text_color=\u00a0\u00bb#E63027&Prime; header_font_size=\u00a0\u00bb42px\u00a0\u00bb scroll_vertical_motion_enable=\u00a0\u00bbon\u00a0\u00bb scroll_vertical_motion=\u00a0\u00bb0|50|50|100|1|0|0.5&Prime; scroll_fade_enable=\u00a0\u00bbon\u00a0\u00bb scroll_fade=\u00a0\u00bb0|50|50|100|0|100|0%\u00a0\u00bb scroll_fade_tablet=\u00a0\u00bb0|50|50|100|0|100|0%\u00a0\u00bb scroll_fade_phone=\u00a0\u00bb0|50|50|100|100%|100|100%\u00a0\u00bb scroll_fade_last_edited=\u00a0\u00bbon|phone\u00a0\u00bb global_colors_info=\u00a0\u00bb{}\u00a0\u00bb]<\/p>\n<h1>\u00c0 la hauteur des march\u00e9s et des plus exigeants secteurs<\/h1>\n<p>Notre vaste portefeuille de clients est le reflet du travail bien fait. Nos r\u00e9ussites dans le secteur de la fonte d\u2019aluminium a \u00e9veill\u00e9 l\u2019int\u00e9r\u00eat de nombreuses entreprises internationales et nous comptons aujourd\u2019hui de nombreux clients en Europe qui viennent confirmer le haut niveau de service que nous assurons et la confiance que nous inspirons.[\/et_pb_text][\/et_pb_column][et_pb_column type=\u00a0\u00bb1_2&Prime; _builder_version=\u00a0\u00bb4.22.2&Prime; _module_preset=\u00a0\u00bbdefault\u00a0\u00bb global_colors_info=\u00a0\u00bb{}\u00a0\u00bb][\/et_pb_column][\/et_pb_row][\/et_pb_section][et_pb_section fb_built=\u00a0\u00bb1&Prime; _builder_version=\u00a0\u00bb4.23&Prime; _module_preset=\u00a0\u00bbdefault\u00a0\u00bb background_color=\u00a0\u00bb#000000&Prime; z_index=\u00a0\u00bb2&Prime; custom_padding=\u00a0\u00bb||20vh||false|false\u00a0\u00bb box_shadow_style=\u00a0\u00bbpreset1&Prime; box_shadow_vertical=\u00a0\u00bb-80px\u00a0\u00bb box_shadow_blur=\u00a0\u00bb80px\u00a0\u00bb box_shadow_spread=\u00a0\u00bb80px\u00a0\u00bb box_shadow_color=\u00a0\u00bb#000000&Prime; global_colors_info=\u00a0\u00bb{}\u00a0\u00bb][et_pb_row _builder_version=\u00a0\u00bb4.23&Prime; _module_preset=\u00a0\u00bbdefault\u00a0\u00bb custom_margin=\u00a0\u00bb-13%||||false|false\u00a0\u00bb global_colors_info=\u00a0\u00bb{}\u00a0\u00bb][et_pb_column type=\u00a0\u00bb4_4&Prime; _builder_version=\u00a0\u00bb4.22.2&Prime; _module_preset=\u00a0\u00bbdefault\u00a0\u00bb global_colors_info=\u00a0\u00bb{}\u00a0\u00bb][et_pb_video src=\u00a0\u00bbhttps:\/\/www.youtube.com\/watch?v=FhjlA4fD9lU\u00a0\u00bb _builder_version=\u00a0\u00bb4.23&Prime; _module_preset=\u00a0\u00bbdefault\u00a0\u00bb global_colors_info=\u00a0\u00bb{}\u00a0\u00bb][\/et_pb_video][\/et_pb_column][\/et_pb_row][et_pb_row column_structure=\u00a0\u00bb1_3,1_3,1_3&Prime; _builder_version=\u00a0\u00bb4.23&Prime; _module_preset=\u00a0\u00bbdefault\u00a0\u00bb global_colors_info=\u00a0\u00bb{}\u00a0\u00bb][et_pb_column type=\u00a0\u00bb1_3&Prime; _builder_version=\u00a0\u00bb4.22.2&Prime; _module_preset=\u00a0\u00bbdefault\u00a0\u00bb global_colors_info=\u00a0\u00bb{}\u00a0\u00bb][et_pb_text _builder_version=\u00a0\u00bb4.23&Prime; _module_preset=\u00a0\u00bbdefault\u00a0\u00bb text_line_height=\u00a0\u00bb1.2em\u00a0\u00bb header_font=\u00a0\u00bb|600|||||||\u00a0\u00bb header_text_color=\u00a0\u00bb#E63027&Prime; header_font_size=\u00a0\u00bb42px\u00a0\u00bb text_orientation=\u00a0\u00bbcenter\u00a0\u00bb scroll_fade=\u00a0\u00bb0|50|50|100|0|100|0%\u00a0\u00bb global_colors_info=\u00a0\u00bb{}\u00a0\u00bb]<\/p>\n<h1>Mission<\/h1>\n<p>Notre mission consiste \u00e0 fabriquer des pi\u00e8ces en aluminium de grande qualit\u00e9 pour la fonte par gravit\u00e9 en sable et le moulage m\u00e9tallique pour des s\u00e9ries courtes et moyennes qui garantissent la satisfaction du client \u00e0 un prix optimal et dans un court d\u00e9lai de livraison.[\/et_pb_text][\/et_pb_column][et_pb_column type=\u00a0\u00bb1_3&Prime; _builder_version=\u00a0\u00bb4.22.2&Prime; _module_preset=\u00a0\u00bbdefault\u00a0\u00bb global_colors_info=\u00a0\u00bb{}\u00a0\u00bb][et_pb_text _builder_version=\u00a0\u00bb4.23&Prime; _module_preset=\u00a0\u00bbdefault\u00a0\u00bb text_line_height=\u00a0\u00bb1.2em\u00a0\u00bb header_font=\u00a0\u00bb|600|||||||\u00a0\u00bb header_text_color=\u00a0\u00bb#E63027&Prime; header_font_size=\u00a0\u00bb42px\u00a0\u00bb text_orientation=\u00a0\u00bbcenter\u00a0\u00bb scroll_vertical_motion=\u00a0\u00bb0|50|50|100|0|0|0.5&Prime; scroll_fade=\u00a0\u00bb0|50|50|100|0|100|0%\u00a0\u00bb motion_trigger_start=\u00a0\u00bbtop\u00a0\u00bb global_colors_info=\u00a0\u00bb{}\u00a0\u00bb]<\/p>\n<h1>Vision<\/h1>\n<p>Atteindre une position d\u2019influence dans ce domaine, \u00e0 l\u2019\u00e9chelle nationale et internationale, en accroissant nos ventes et en assurant un service personnalis\u00e9 pour chaque client.[\/et_pb_text][\/et_pb_column][et_pb_column type=\u00a0\u00bb1_3&Prime; _builder_version=\u00a0\u00bb4.22.2&Prime; _module_preset=\u00a0\u00bbdefault\u00a0\u00bb global_colors_info=\u00a0\u00bb{}\u00a0\u00bb][et_pb_text _builder_version=\u00a0\u00bb4.23&Prime; _module_preset=\u00a0\u00bbdefault\u00a0\u00bb text_line_height=\u00a0\u00bb1.2em\u00a0\u00bb header_font=\u00a0\u00bb|600|||||||\u00a0\u00bb header_text_color=\u00a0\u00bb#E63027&Prime; header_font_size=\u00a0\u00bb42px\u00a0\u00bb text_orientation=\u00a0\u00bbcenter\u00a0\u00bb scroll_fade=\u00a0\u00bb0|50|50|100|0|100|0%\u00a0\u00bb global_colors_info=\u00a0\u00bb{}\u00a0\u00bb]<\/p>\n<h1>Valeurs<\/h1>\n<p>Camaraderie<br \/>\nProfessionnalisme<br \/>\nRecyclage<br \/>\nEngagement<br \/>\nD\u00e9vouement[\/et_pb_text][\/et_pb_column][\/et_pb_row][\/et_pb_section]<\/p>\n","protected":false},"excerpt":{"rendered":"<p>Fonte d\u2019aluminium par gravit\u00e9 : Moulage en sable et moulage en coquille.Nous sommes une soci\u00e9t\u00e9 consacr\u00e9e \u00e0 la fonte d\u2019aluminium par gravit\u00e9, de moulage en sable et moulage en coquille, de toutes sortes de pi\u00e8ces, pour de petites et grandes s\u00e9ries.60 ans d\u2019exp\u00e9rience \u00e0 votre service Chez Hernani, nous produisons de petites et grandes s\u00e9ries [&hellip;]<\/p>\n","protected":false},"author":1,"featured_media":0,"parent":0,"menu_order":20,"comment_status":"closed","ping_status":"closed","template":"","meta":{"_et_pb_use_builder":"on","_et_pb_old_content":"","_et_gb_content_width":"","footnotes":""},"class_list":["post-786","page","type-page","status-publish","hentry"],"yoast_head":"<!-- This site is optimized with the Yoast SEO plugin v21.9.1 - https:\/\/yoast.com\/wordpress\/plugins\/seo\/ -->\n<title>Fonderie d&#039;aluminium Seiak | Seiak<\/title>\n<meta name=\"description\" content=\"Fonderie d&#039;aluminium Seiak | 60 ans d&#039;exp\u00e9rience dans la production de pi\u00e8ces de qualit\u00e9 | Solutions de moulage en sable et en fonte | Seiak\" \/>\n<meta name=\"robots\" content=\"index, follow, max-snippet:-1, max-image-preview:large, max-video-preview:-1\" \/>\n<link rel=\"canonical\" href=\"https:\/\/www.fundicion-de-aluminio.eu\/en\/\" \/>\n<meta property=\"og:locale\" content=\"fr_FR\" \/>\n<meta property=\"og:type\" content=\"article\" \/>\n<meta property=\"og:title\" content=\"Fonderie d&#039;aluminium Seiak | Seiak\" \/>\n<meta property=\"og:description\" content=\"Fonderie d&#039;aluminium Seiak | 60 ans d&#039;exp\u00e9rience dans la production de pi\u00e8ces de qualit\u00e9 | Solutions de moulage en sable et en fonte | Seiak\" \/>\n<meta property=\"og:url\" content=\"https:\/\/www.fundicion-de-aluminio.eu\/en\/\" \/>\n<meta property=\"og:site_name\" content=\"Seiak\" \/>\n<meta property=\"article:modified_time\" content=\"2024-01-25T12:36:06+00:00\" \/>\n<meta name=\"twitter:card\" content=\"summary_large_image\" \/>\n<meta name=\"twitter:label1\" content=\"Dur\u00e9e de lecture estim\u00e9e\" \/>\n\t<meta name=\"twitter:data1\" content=\"2 minutes\" \/>\n<script type=\"application\/ld+json\" class=\"yoast-schema-graph\">{\"@context\":\"https:\/\/schema.org\",\"@graph\":[{\"@type\":\"WebPage\",\"@id\":\"https:\/\/www.fundicion-de-aluminio.eu\/en\/\",\"url\":\"https:\/\/www.fundicion-de-aluminio.eu\/en\/\",\"name\":\"Fonderie d'aluminium Seiak | Seiak\",\"isPartOf\":{\"@id\":\"https:\/\/www.fundicion-de-aluminio.eu\/#website\"},\"datePublished\":\"2023-10-08T05:12:17+00:00\",\"dateModified\":\"2024-01-25T12:36:06+00:00\",\"description\":\"Fonderie d'aluminium Seiak | 60 ans d'exp\u00e9rience dans la production de pi\u00e8ces de qualit\u00e9 | Solutions de moulage en sable et en fonte | Seiak\",\"breadcrumb\":{\"@id\":\"https:\/\/www.fundicion-de-aluminio.eu\/en\/#breadcrumb\"},\"inLanguage\":\"fr-FR\",\"potentialAction\":[{\"@type\":\"ReadAction\",\"target\":[\"https:\/\/www.fundicion-de-aluminio.eu\/en\/\"]}]},{\"@type\":\"BreadcrumbList\",\"@id\":\"https:\/\/www.fundicion-de-aluminio.eu\/en\/#breadcrumb\",\"itemListElement\":[{\"@type\":\"ListItem\",\"position\":1,\"name\":\"Portada\",\"item\":\"https:\/\/www.fundicion-de-aluminio.eu\/en\/\"},{\"@type\":\"ListItem\",\"position\":2,\"name\":\"Notre Enterprise\"}]},{\"@type\":\"WebSite\",\"@id\":\"https:\/\/www.fundicion-de-aluminio.eu\/#website\",\"url\":\"https:\/\/www.fundicion-de-aluminio.eu\/\",\"name\":\"Seiak\",\"description\":\"\",\"publisher\":{\"@id\":\"https:\/\/www.fundicion-de-aluminio.eu\/#organization\"},\"potentialAction\":[{\"@type\":\"SearchAction\",\"target\":{\"@type\":\"EntryPoint\",\"urlTemplate\":\"https:\/\/www.fundicion-de-aluminio.eu\/?s={search_term_string}\"},\"query-input\":\"required name=search_term_string\"}],\"inLanguage\":\"fr-FR\"},{\"@type\":\"Organization\",\"@id\":\"https:\/\/www.fundicion-de-aluminio.eu\/#organization\",\"name\":\"Seiak\",\"url\":\"https:\/\/www.fundicion-de-aluminio.eu\/\",\"logo\":{\"@type\":\"ImageObject\",\"inLanguage\":\"fr-FR\",\"@id\":\"https:\/\/www.fundicion-de-aluminio.eu\/#\/schema\/logo\/image\/\",\"url\":\"https:\/\/www.fundicion-de-aluminio.eu\/wp-content\/uploads\/2023\/10\/logo.svg\",\"contentUrl\":\"https:\/\/www.fundicion-de-aluminio.eu\/wp-content\/uploads\/2023\/10\/logo.svg\",\"width\":180,\"height\":89,\"caption\":\"Seiak\"},\"image\":{\"@id\":\"https:\/\/www.fundicion-de-aluminio.eu\/#\/schema\/logo\/image\/\"}}]}<\/script>\n<!-- \/ Yoast SEO plugin. -->","yoast_head_json":{"title":"Fonderie d'aluminium Seiak | Seiak","description":"Fonderie d'aluminium Seiak | 60 ans d'exp\u00e9rience dans la production de pi\u00e8ces de qualit\u00e9 | Solutions de moulage en sable et en fonte | Seiak","robots":{"index":"index","follow":"follow","max-snippet":"max-snippet:-1","max-image-preview":"max-image-preview:large","max-video-preview":"max-video-preview:-1"},"canonical":"https:\/\/www.fundicion-de-aluminio.eu\/en\/","og_locale":"fr_FR","og_type":"article","og_title":"Fonderie d'aluminium Seiak | Seiak","og_description":"Fonderie d'aluminium Seiak | 60 ans d'exp\u00e9rience dans la production de pi\u00e8ces de qualit\u00e9 | Solutions de moulage en sable et en fonte | Seiak","og_url":"https:\/\/www.fundicion-de-aluminio.eu\/en\/","og_site_name":"Seiak","article_modified_time":"2024-01-25T12:36:06+00:00","twitter_card":"summary_large_image","twitter_misc":{"Dur\u00e9e de lecture estim\u00e9e":"2 minutes"},"schema":{"@context":"https:\/\/schema.org","@graph":[{"@type":"WebPage","@id":"https:\/\/www.fundicion-de-aluminio.eu\/en\/","url":"https:\/\/www.fundicion-de-aluminio.eu\/en\/","name":"Fonderie d'aluminium Seiak | Seiak","isPartOf":{"@id":"https:\/\/www.fundicion-de-aluminio.eu\/#website"},"datePublished":"2023-10-08T05:12:17+00:00","dateModified":"2024-01-25T12:36:06+00:00","description":"Fonderie d'aluminium Seiak | 60 ans d'exp\u00e9rience dans la production de pi\u00e8ces de qualit\u00e9 | Solutions de moulage en sable et en fonte | Seiak","breadcrumb":{"@id":"https:\/\/www.fundicion-de-aluminio.eu\/en\/#breadcrumb"},"inLanguage":"fr-FR","potentialAction":[{"@type":"ReadAction","target":["https:\/\/www.fundicion-de-aluminio.eu\/en\/"]}]},{"@type":"BreadcrumbList","@id":"https:\/\/www.fundicion-de-aluminio.eu\/en\/#breadcrumb","itemListElement":[{"@type":"ListItem","position":1,"name":"Portada","item":"https:\/\/www.fundicion-de-aluminio.eu\/en\/"},{"@type":"ListItem","position":2,"name":"Notre Enterprise"}]},{"@type":"WebSite","@id":"https:\/\/www.fundicion-de-aluminio.eu\/#website","url":"https:\/\/www.fundicion-de-aluminio.eu\/","name":"Seiak","description":"","publisher":{"@id":"https:\/\/www.fundicion-de-aluminio.eu\/#organization"},"potentialAction":[{"@type":"SearchAction","target":{"@type":"EntryPoint","urlTemplate":"https:\/\/www.fundicion-de-aluminio.eu\/?s={search_term_string}"},"query-input":"required name=search_term_string"}],"inLanguage":"fr-FR"},{"@type":"Organization","@id":"https:\/\/www.fundicion-de-aluminio.eu\/#organization","name":"Seiak","url":"https:\/\/www.fundicion-de-aluminio.eu\/","logo":{"@type":"ImageObject","inLanguage":"fr-FR","@id":"https:\/\/www.fundicion-de-aluminio.eu\/#\/schema\/logo\/image\/","url":"https:\/\/www.fundicion-de-aluminio.eu\/wp-content\/uploads\/2023\/10\/logo.svg","contentUrl":"https:\/\/www.fundicion-de-aluminio.eu\/wp-content\/uploads\/2023\/10\/logo.svg","width":180,"height":89,"caption":"Seiak"},"image":{"@id":"https:\/\/www.fundicion-de-aluminio.eu\/#\/schema\/logo\/image\/"}}]}},"_links":{"self":[{"href":"https:\/\/www.fundicion-de-aluminio.eu\/fr\/wp-json\/wp\/v2\/pages\/786","targetHints":{"allow":["GET"]}}],"collection":[{"href":"https:\/\/www.fundicion-de-aluminio.eu\/fr\/wp-json\/wp\/v2\/pages"}],"about":[{"href":"https:\/\/www.fundicion-de-aluminio.eu\/fr\/wp-json\/wp\/v2\/types\/page"}],"author":[{"embeddable":true,"href":"https:\/\/www.fundicion-de-aluminio.eu\/fr\/wp-json\/wp\/v2\/users\/1"}],"replies":[{"embeddable":true,"href":"https:\/\/www.fundicion-de-aluminio.eu\/fr\/wp-json\/wp\/v2\/comments?post=786"}],"version-history":[{"count":5,"href":"https:\/\/www.fundicion-de-aluminio.eu\/fr\/wp-json\/wp\/v2\/pages\/786\/revisions"}],"predecessor-version":[{"id":954,"href":"https:\/\/www.fundicion-de-aluminio.eu\/fr\/wp-json\/wp\/v2\/pages\/786\/revisions\/954"}],"wp:attachment":[{"href":"https:\/\/www.fundicion-de-aluminio.eu\/fr\/wp-json\/wp\/v2\/media?parent=786"}],"curies":[{"name":"wp","href":"https:\/\/api.w.org\/{rel}","templated":true}]}}