{"id":798,"date":"2023-10-08T07:13:09","date_gmt":"2023-10-08T05:13:09","guid":{"rendered":"https:\/\/www.fundicion-de-aluminio.eu\/calidad\/"},"modified":"2023-12-29T09:48:27","modified_gmt":"2023-12-29T08:48:27","slug":"qualite","status":"publish","type":"page","link":"https:\/\/www.fundicion-de-aluminio.eu\/fr\/qualite\/","title":{"rendered":"Qualit\u00e9"},"content":{"rendered":"<p>[et_pb_section fb_built=\u00a0\u00bb1&Prime; _builder_version=\u00a0\u00bb4.23&Prime; _module_preset=\u00a0\u00bbdefault\u00a0\u00bb background_color=\u00a0\u00bbRGBA(255,255,255,0)\u00a0\u00bb background_image=\u00a0\u00bbhttps:\/\/www.fundicion-de-aluminio.eu\/wp-content\/uploads\/2023\/10\/Laboratorio-1.jpg\u00a0\u00bb background_enable_video_mp4=\u00a0\u00bboff\u00a0\u00bb background_video_width=\u00a0\u00bb100%\u00a0\u00bb background_video_height=\u00a0\u00bbauto\u00a0\u00bb custom_margin=\u00a0\u00bb0px||||false|false\u00a0\u00bb custom_padding=\u00a0\u00bb0px||||false|false\u00a0\u00bb box_shadow_style=\u00a0\u00bbpreset6&Prime; box_shadow_blur=\u00a0\u00bb240px\u00a0\u00bb box_shadow_spread=\u00a0\u00bb240px\u00a0\u00bb box_shadow_color=\u00a0\u00bb#000000&Prime; global_colors_info=\u00a0\u00bb{}\u00a0\u00bb][et_pb_row column_structure=\u00a0\u00bb1_2,1_2&Prime; _builder_version=\u00a0\u00bb4.23&Prime; _module_preset=\u00a0\u00bbdefault\u00a0\u00bb background_color=\u00a0\u00bbRGBA(255,255,255,0)\u00a0\u00bb width=\u00a0\u00bb100%\u00a0\u00bb custom_margin=\u00a0\u00bb0px||0px||true|false\u00a0\u00bb custom_padding=\u00a0\u00bb0px||0px||true|false\u00a0\u00bb global_colors_info=\u00a0\u00bb{}\u00a0\u00bb][et_pb_column type=\u00a0\u00bb1_2&Prime; _builder_version=\u00a0\u00bb4.22.2&Prime; _module_preset=\u00a0\u00bbdefault\u00a0\u00bb global_colors_info=\u00a0\u00bb{}\u00a0\u00bb][et_pb_text _builder_version=\u00a0\u00bb4.23&Prime; _module_preset=\u00a0\u00bb_initial\u00a0\u00bb header_text_color=\u00a0\u00bb#E63027&Prime; text_orientation=\u00a0\u00bbright\u00a0\u00bb width=\u00a0\u00bb60%\u00a0\u00bb width_tablet=\u00a0\u00bb60%\u00a0\u00bb width_phone=\u00a0\u00bb100%\u00a0\u00bb width_last_edited=\u00a0\u00bbon|phone\u00a0\u00bb module_alignment=\u00a0\u00bbright\u00a0\u00bb custom_margin_tablet=\u00a0\u00bb\u00a0\u00bb custom_margin_phone=\u00a0\u00bb12vh||||false|false\u00a0\u00bb custom_margin_last_edited=\u00a0\u00bbon|phone\u00a0\u00bb custom_padding_tablet=\u00a0\u00bb\u00a0\u00bb custom_padding_phone=\u00a0\u00bb|5%||5%|false|true\u00a0\u00bb custom_padding_last_edited=\u00a0\u00bbon|phone\u00a0\u00bb sticky_position=\u00a0\u00bbtop\u00a0\u00bb sticky_offset_top=\u00a0\u00bb200px\u00a0\u00bb sticky_limit_bottom=\u00a0\u00bbrow\u00a0\u00bb text_orientation_tablet=\u00a0\u00bbright\u00a0\u00bb text_orientation_phone=\u00a0\u00bbleft\u00a0\u00bb text_orientation_last_edited=\u00a0\u00bbon|phone\u00a0\u00bb sticky_position_tablet=\u00a0\u00bbtop\u00a0\u00bb sticky_position_phone=\u00a0\u00bbnone\u00a0\u00bb sticky_position_last_edited=\u00a0\u00bbon|phone\u00a0\u00bb border_width_left=\u00a0\u00bb0px\u00a0\u00bb global_colors_info=\u00a0\u00bb{}\u00a0\u00bb]<\/p>\n<h1>Le propre laboratoire<br \/>\ncomme principe de qualit\u00e9<\/h1>\n<p>[\/et_pb_text][\/et_pb_column][et_pb_column type=\u00a0\u00bb1_2&Prime; _builder_version=\u00a0\u00bb4.22.2&Prime; _module_preset=\u00a0\u00bbdefault\u00a0\u00bb background_color=\u00a0\u00bbrgba(0,0,0,0.7)\u00a0\u00bb custom_padding=\u00a0\u00bb12%|10%|12%|5%|true|false\u00a0\u00bb border_width_left=\u00a0\u00bb1px\u00a0\u00bb border_color_left=\u00a0\u00bb#FFFFFF\u00a0\u00bb global_colors_info=\u00a0\u00bb{}\u00a0\u00bb][et_pb_text _builder_version=\u00a0\u00bb4.23&Prime; _module_preset=\u00a0\u00bbafdce832-2ed5-4ba6-9fb8-e7a58a49039f\u00a0\u00bb global_colors_info=\u00a0\u00bb{}\u00a0\u00bb]<\/p>\n<p class=\"Poromisin\">Nous r\u00e9alisons les essais dans nos propres laboratoires conform\u00e9ment aux normes europ\u00e9ennes pour certifier la qualit\u00e9 de nos produits et satisfaire aux exigences de nos clients. Nous disposons d\u2019outils de saisie de donn\u00e9es dans l\u2019usine qui garantissent la tra\u00e7abilit\u00e9 exacte de notre fabrication, ce qui permet \u00e0 nos clients d\u2019acc\u00e9der \u00e0 notre site pour conna\u00eetre l\u2019\u00e9tat de leurs commandes. Cet engagement nous a men\u00e9s \u00e0 certifier nos processus sous la norme\u00a0ISO9001-2015.<\/p>\n<p class=\"Poromisin\">Nous r\u00e9alisons \u00e9galement\u00a0des essais externes de radioscopies, de contr\u00f4le dimensionnel et de contr\u00f4le d\u2019\u00e9tanch\u00e9it\u00e9 conform\u00e9ment aux normes internationales ou aux sp\u00e9cifications du client.<\/p>\n<p>[\/et_pb_text][et_pb_button button_url=\u00a0\u00bbhttps:\/\/www.fundicion-de-aluminio.eu\/wp-content\/uploads\/2023\/10\/certificadocalidad.pdf\u00a0\u00bb url_new_window=\u00a0\u00bbon\u00a0\u00bb button_text=\u00a0\u00bbCertificat de Qualit\u00e9\u00a0\u00bb _builder_version=\u00a0\u00bb4.23&Prime; _module_preset=\u00a0\u00bbdefault\u00a0\u00bb custom_padding=\u00a0\u00bb|||0px|false|false\u00a0\u00bb global_colors_info=\u00a0\u00bb{}\u00a0\u00bb][\/et_pb_button][et_pb_button button_url=\u00a0\u00bbhttps:\/\/www.fundicion-de-aluminio.eu\/wp-content\/uploads\/2023\/10\/caracteristicas-mecanicas-de-aleaciones-de-aluminio-para-modelo.pdf\u00a0\u00bb url_new_window=\u00a0\u00bbon\u00a0\u00bb button_text=\u00a0\u00bbCaract\u00e9ristiques m\u00e9caniques de nos alliages\u00a0\u00bb _builder_version=\u00a0\u00bb4.23&Prime; _module_preset=\u00a0\u00bbdefault\u00a0\u00bb custom_padding=\u00a0\u00bb|||0px|false|false\u00a0\u00bb global_colors_info=\u00a0\u00bb{}\u00a0\u00bb][\/et_pb_button][et_pb_button button_url=\u00a0\u00bbhttps:\/\/www.fundicion-de-aluminio.eu\/wp-content\/uploads\/2023\/10\/composicion-quimica-alecaciones-de-aluminio-para-moldeo.pdf\u00a0\u00bb url_new_window=\u00a0\u00bbon\u00a0\u00bb button_text=\u00a0\u00bbComposition chimique des alliages de fonderie d&rsquo;aluminium\u00a0\u00bb _builder_version=\u00a0\u00bb4.23&Prime; _module_preset=\u00a0\u00bbdefault\u00a0\u00bb custom_padding=\u00a0\u00bb|||0px|false|false\u00a0\u00bb global_colors_info=\u00a0\u00bb{}\u00a0\u00bb][\/et_pb_button][et_pb_button button_url=\u00a0\u00bbhttps:\/\/www.fundicion-de-aluminio.eu\/wp-content\/uploads\/2023\/10\/politicadecalidad.pdf\u00a0\u00bb url_new_window=\u00a0\u00bbon\u00a0\u00bb button_text=\u00a0\u00bbPolitique de Qualit\u00e9 de Seiak\u00a0\u00bb _builder_version=\u00a0\u00bb4.23&Prime; _module_preset=\u00a0\u00bbdefault\u00a0\u00bb custom_padding=\u00a0\u00bb|||0px|false|false\u00a0\u00bb global_colors_info=\u00a0\u00bb{}\u00a0\u00bb][\/et_pb_button][\/et_pb_column][\/et_pb_row][\/et_pb_section]<\/p>\n","protected":false},"excerpt":{"rendered":"<p>Le propre laboratoire comme principe de qualit\u00e9Nous r\u00e9alisons les essais dans nos propres laboratoires conform\u00e9ment aux normes europ\u00e9ennes pour certifier la qualit\u00e9 de nos produits et satisfaire aux exigences de nos clients. Nous disposons d\u2019outils de saisie de donn\u00e9es dans l\u2019usine qui garantissent la tra\u00e7abilit\u00e9 exacte de notre fabrication, ce qui permet \u00e0 nos clients [&hellip;]<\/p>\n","protected":false},"author":1,"featured_media":0,"parent":0,"menu_order":40,"comment_status":"closed","ping_status":"closed","template":"","meta":{"_et_pb_use_builder":"on","_et_pb_old_content":"","_et_gb_content_width":"","footnotes":""},"class_list":["post-798","page","type-page","status-publish","hentry"],"yoast_head":"<!-- This site is optimized with the Yoast SEO plugin v21.9.1 - https:\/\/yoast.com\/wordpress\/plugins\/seo\/ -->\n<title>Certificat de qualit\u00e9 Seiak | Norme ISO9001-2015 | Seiak<\/title>\n<meta name=\"description\" content=\"Certificat de qualit\u00e9 Seiak, norme ISO9001-2015 et tests de conformit\u00e9 qui garantissent la tra\u00e7abilit\u00e9 | Seiak Hernani\" \/>\n<meta name=\"robots\" content=\"index, follow, max-snippet:-1, max-image-preview:large, max-video-preview:-1\" \/>\n<link rel=\"canonical\" href=\"https:\/\/www.fundicion-de-aluminio.eu\/fr\/qualite\/\" \/>\n<meta property=\"og:locale\" content=\"fr_FR\" \/>\n<meta property=\"og:type\" content=\"article\" \/>\n<meta property=\"og:title\" content=\"Certificat de qualit\u00e9 Seiak | Norme ISO9001-2015 | Seiak\" \/>\n<meta property=\"og:description\" content=\"Certificat de qualit\u00e9 Seiak, norme ISO9001-2015 et tests de conformit\u00e9 qui garantissent la tra\u00e7abilit\u00e9 | Seiak Hernani\" \/>\n<meta property=\"og:url\" content=\"https:\/\/www.fundicion-de-aluminio.eu\/fr\/qualite\/\" \/>\n<meta property=\"og:site_name\" content=\"Seiak\" \/>\n<meta property=\"article:modified_time\" content=\"2023-12-29T08:48:27+00:00\" \/>\n<meta name=\"twitter:card\" content=\"summary_large_image\" \/>\n<meta name=\"twitter:label1\" content=\"Dur\u00e9e de lecture estim\u00e9e\" \/>\n\t<meta name=\"twitter:data1\" content=\"1 minute\" \/>\n<script type=\"application\/ld+json\" class=\"yoast-schema-graph\">{\"@context\":\"https:\/\/schema.org\",\"@graph\":[{\"@type\":\"WebPage\",\"@id\":\"https:\/\/www.fundicion-de-aluminio.eu\/fr\/qualite\/\",\"url\":\"https:\/\/www.fundicion-de-aluminio.eu\/fr\/qualite\/\",\"name\":\"Certificat de qualit\u00e9 Seiak | Norme ISO9001-2015 | Seiak\",\"isPartOf\":{\"@id\":\"https:\/\/www.fundicion-de-aluminio.eu\/#website\"},\"datePublished\":\"2023-10-08T05:13:09+00:00\",\"dateModified\":\"2023-12-29T08:48:27+00:00\",\"description\":\"Certificat de qualit\u00e9 Seiak, norme ISO9001-2015 et tests de conformit\u00e9 qui garantissent la tra\u00e7abilit\u00e9 | Seiak Hernani\",\"breadcrumb\":{\"@id\":\"https:\/\/www.fundicion-de-aluminio.eu\/fr\/qualite\/#breadcrumb\"},\"inLanguage\":\"fr-FR\",\"potentialAction\":[{\"@type\":\"ReadAction\",\"target\":[\"https:\/\/www.fundicion-de-aluminio.eu\/fr\/qualite\/\"]}]},{\"@type\":\"BreadcrumbList\",\"@id\":\"https:\/\/www.fundicion-de-aluminio.eu\/fr\/qualite\/#breadcrumb\",\"itemListElement\":[{\"@type\":\"ListItem\",\"position\":1,\"name\":\"Portada\",\"item\":\"https:\/\/www.fundicion-de-aluminio.eu\/en\/\"},{\"@type\":\"ListItem\",\"position\":2,\"name\":\"Qualit\u00e9\"}]},{\"@type\":\"WebSite\",\"@id\":\"https:\/\/www.fundicion-de-aluminio.eu\/#website\",\"url\":\"https:\/\/www.fundicion-de-aluminio.eu\/\",\"name\":\"Seiak\",\"description\":\"\",\"publisher\":{\"@id\":\"https:\/\/www.fundicion-de-aluminio.eu\/#organization\"},\"potentialAction\":[{\"@type\":\"SearchAction\",\"target\":{\"@type\":\"EntryPoint\",\"urlTemplate\":\"https:\/\/www.fundicion-de-aluminio.eu\/?s={search_term_string}\"},\"query-input\":\"required name=search_term_string\"}],\"inLanguage\":\"fr-FR\"},{\"@type\":\"Organization\",\"@id\":\"https:\/\/www.fundicion-de-aluminio.eu\/#organization\",\"name\":\"Seiak\",\"url\":\"https:\/\/www.fundicion-de-aluminio.eu\/\",\"logo\":{\"@type\":\"ImageObject\",\"inLanguage\":\"fr-FR\",\"@id\":\"https:\/\/www.fundicion-de-aluminio.eu\/#\/schema\/logo\/image\/\",\"url\":\"https:\/\/www.fundicion-de-aluminio.eu\/wp-content\/uploads\/2023\/10\/logo.svg\",\"contentUrl\":\"https:\/\/www.fundicion-de-aluminio.eu\/wp-content\/uploads\/2023\/10\/logo.svg\",\"width\":180,\"height\":89,\"caption\":\"Seiak\"},\"image\":{\"@id\":\"https:\/\/www.fundicion-de-aluminio.eu\/#\/schema\/logo\/image\/\"}}]}<\/script>\n<!-- \/ Yoast SEO plugin. -->","yoast_head_json":{"title":"Certificat de qualit\u00e9 Seiak | Norme ISO9001-2015 | Seiak","description":"Certificat de qualit\u00e9 Seiak, norme ISO9001-2015 et tests de conformit\u00e9 qui garantissent la tra\u00e7abilit\u00e9 | Seiak Hernani","robots":{"index":"index","follow":"follow","max-snippet":"max-snippet:-1","max-image-preview":"max-image-preview:large","max-video-preview":"max-video-preview:-1"},"canonical":"https:\/\/www.fundicion-de-aluminio.eu\/fr\/qualite\/","og_locale":"fr_FR","og_type":"article","og_title":"Certificat de qualit\u00e9 Seiak | Norme ISO9001-2015 | Seiak","og_description":"Certificat de qualit\u00e9 Seiak, norme ISO9001-2015 et tests de conformit\u00e9 qui garantissent la tra\u00e7abilit\u00e9 | Seiak Hernani","og_url":"https:\/\/www.fundicion-de-aluminio.eu\/fr\/qualite\/","og_site_name":"Seiak","article_modified_time":"2023-12-29T08:48:27+00:00","twitter_card":"summary_large_image","twitter_misc":{"Dur\u00e9e de lecture estim\u00e9e":"1 minute"},"schema":{"@context":"https:\/\/schema.org","@graph":[{"@type":"WebPage","@id":"https:\/\/www.fundicion-de-aluminio.eu\/fr\/qualite\/","url":"https:\/\/www.fundicion-de-aluminio.eu\/fr\/qualite\/","name":"Certificat de qualit\u00e9 Seiak | Norme ISO9001-2015 | Seiak","isPartOf":{"@id":"https:\/\/www.fundicion-de-aluminio.eu\/#website"},"datePublished":"2023-10-08T05:13:09+00:00","dateModified":"2023-12-29T08:48:27+00:00","description":"Certificat de qualit\u00e9 Seiak, norme ISO9001-2015 et tests de conformit\u00e9 qui garantissent la tra\u00e7abilit\u00e9 | Seiak Hernani","breadcrumb":{"@id":"https:\/\/www.fundicion-de-aluminio.eu\/fr\/qualite\/#breadcrumb"},"inLanguage":"fr-FR","potentialAction":[{"@type":"ReadAction","target":["https:\/\/www.fundicion-de-aluminio.eu\/fr\/qualite\/"]}]},{"@type":"BreadcrumbList","@id":"https:\/\/www.fundicion-de-aluminio.eu\/fr\/qualite\/#breadcrumb","itemListElement":[{"@type":"ListItem","position":1,"name":"Portada","item":"https:\/\/www.fundicion-de-aluminio.eu\/en\/"},{"@type":"ListItem","position":2,"name":"Qualit\u00e9"}]},{"@type":"WebSite","@id":"https:\/\/www.fundicion-de-aluminio.eu\/#website","url":"https:\/\/www.fundicion-de-aluminio.eu\/","name":"Seiak","description":"","publisher":{"@id":"https:\/\/www.fundicion-de-aluminio.eu\/#organization"},"potentialAction":[{"@type":"SearchAction","target":{"@type":"EntryPoint","urlTemplate":"https:\/\/www.fundicion-de-aluminio.eu\/?s={search_term_string}"},"query-input":"required name=search_term_string"}],"inLanguage":"fr-FR"},{"@type":"Organization","@id":"https:\/\/www.fundicion-de-aluminio.eu\/#organization","name":"Seiak","url":"https:\/\/www.fundicion-de-aluminio.eu\/","logo":{"@type":"ImageObject","inLanguage":"fr-FR","@id":"https:\/\/www.fundicion-de-aluminio.eu\/#\/schema\/logo\/image\/","url":"https:\/\/www.fundicion-de-aluminio.eu\/wp-content\/uploads\/2023\/10\/logo.svg","contentUrl":"https:\/\/www.fundicion-de-aluminio.eu\/wp-content\/uploads\/2023\/10\/logo.svg","width":180,"height":89,"caption":"Seiak"},"image":{"@id":"https:\/\/www.fundicion-de-aluminio.eu\/#\/schema\/logo\/image\/"}}]}},"_links":{"self":[{"href":"https:\/\/www.fundicion-de-aluminio.eu\/fr\/wp-json\/wp\/v2\/pages\/798","targetHints":{"allow":["GET"]}}],"collection":[{"href":"https:\/\/www.fundicion-de-aluminio.eu\/fr\/wp-json\/wp\/v2\/pages"}],"about":[{"href":"https:\/\/www.fundicion-de-aluminio.eu\/fr\/wp-json\/wp\/v2\/types\/page"}],"author":[{"embeddable":true,"href":"https:\/\/www.fundicion-de-aluminio.eu\/fr\/wp-json\/wp\/v2\/users\/1"}],"replies":[{"embeddable":true,"href":"https:\/\/www.fundicion-de-aluminio.eu\/fr\/wp-json\/wp\/v2\/comments?post=798"}],"version-history":[{"count":4,"href":"https:\/\/www.fundicion-de-aluminio.eu\/fr\/wp-json\/wp\/v2\/pages\/798\/revisions"}],"predecessor-version":[{"id":901,"href":"https:\/\/www.fundicion-de-aluminio.eu\/fr\/wp-json\/wp\/v2\/pages\/798\/revisions\/901"}],"wp:attachment":[{"href":"https:\/\/www.fundicion-de-aluminio.eu\/fr\/wp-json\/wp\/v2\/media?parent=798"}],"curies":[{"name":"wp","href":"https:\/\/api.w.org\/{rel}","templated":true}]}}