{"id":816,"date":"2023-10-31T16:58:00","date_gmt":"2023-10-31T15:58:00","guid":{"rendered":"https:\/\/www.fundicion-de-aluminio.eu\/politica-de-cookies\/"},"modified":"2023-12-29T09:35:52","modified_gmt":"2023-12-29T08:35:52","slug":"politica-de-cookies","status":"publish","type":"page","link":"https:\/\/www.fundicion-de-aluminio.eu\/fr\/politica-de-cookies\/","title":{"rendered":"Pol\u00edtica de Cookies"},"content":{"rendered":"<p>[et_pb_section fb_built=\u00a0\u00bb1&Prime; _builder_version=\u00a0\u00bb4.23&Prime; _module_preset=\u00a0\u00bbdefault\u00a0\u00bb background_color=\u00a0\u00bbRGBA(255,255,255,0)\u00a0\u00bb global_colors_info=\u00a0\u00bb{}\u00a0\u00bb][et_pb_row column_structure=\u00a0\u00bb1_5,3_5,1_5&Prime; _builder_version=\u00a0\u00bb4.23&Prime; _module_preset=\u00a0\u00bbdefault\u00a0\u00bb global_colors_info=\u00a0\u00bb{}\u00a0\u00bb][et_pb_column type=\u00a0\u00bb1_5&Prime; _builder_version=\u00a0\u00bb4.23&Prime; _module_preset=\u00a0\u00bbdefault\u00a0\u00bb global_colors_info=\u00a0\u00bb{}\u00a0\u00bb][\/et_pb_column][et_pb_column type=\u00a0\u00bb3_5&Prime; _builder_version=\u00a0\u00bb4.23&Prime; _module_preset=\u00a0\u00bbdefault\u00a0\u00bb global_colors_info=\u00a0\u00bb{}\u00a0\u00bb][et_pb_text _builder_version=\u00a0\u00bb4.23&Prime; _module_preset=\u00a0\u00bbdefault\u00a0\u00bb header_text_color=\u00a0\u00bb#E63027&Prime; header_2_text_color=\u00a0\u00bb#E63027&Prime; custom_css_free_form=\u00a0\u00bbselector strong {color:#e63027;}\u00a0\u00bb global_colors_info=\u00a0\u00bb{}\u00a0\u00bb]<\/p>\n<h1>Pol\u00edtica de Cookies<\/h1>\n<h2>Informaci\u00f3n sobre las cookies utilizadas en esta web<\/h2>\n<p><strong>\u00bfQu\u00e9 es una cookie?<\/strong><\/p>\n<p>Una cookie es un peque\u00f1o archivo de informaci\u00f3n que el servidor env\u00eda a su navegador y permite almacenar y recuperar informaci\u00f3n para ofrecerle una mejor experiencia de usuario y\/o realizar estad\u00edsticas an\u00f3nimas de navegaci\u00f3n.<\/p>\n<p>El presente sitio web utiliza cookies para llevar a cabo determinadas funciones que son consideradas imprescindibles para el correcto funcionamiento y visualizaci\u00f3n del mismo. Tambi\u00e9n utilizamos cookies para el an\u00e1lisis de su navegaci\u00f3n dentro del sitio web, con la finalidad de comprender como navegan los usuarios dentro de la web y poder mejorarla tras analizar dicha informaci\u00f3n. En ning\u00fan caso se utilizar\u00e1n las cookies para recoger informaci\u00f3n de car\u00e1cter personal.<\/p>\n<p>Para utilizar el presente sitio web en toda su funcionalidad, debe aceptar la instalaci\u00f3n de estas cookies en su dispositivo.<\/p>\n<p><strong>\u00bfQu\u00e9 cookies utilizamos?<\/strong><\/p>\n<p>Los tipos de cookies que utilizamos son<\/p>\n<p>Cookies t\u00e9cnicas:<\/p>\n<p>Estas cookies son necesarias para el correcto uso de la p\u00e1gina web, permitiendo el acceso a secciones que cuentan con filtros de seguridad. Sin estas cookies, muchos de los servicios disponibles no estar\u00edan operativos.<\/p>\n<p>Cookies de an\u00e1lisis:<br \/>Son aqu\u00e9llas que, bien tratadas por nosotros o por terceros, nos permiten cuantificar el n\u00famero de usuarios y as\u00ed realizar la medici\u00f3n y an\u00e1lisis estad\u00edstico de la utilizaci\u00f3n que hacen los usuarios del sitio web. Para ello se analiza su navegaci\u00f3n en nuestra p\u00e1gina web con el fin de mejorar el servicio que prestamos as\u00ed como nuestra oferta de productos. Para este an\u00e1lisis utilizamos el Servicio Google Analytics, de Google Inc.<\/p>\n<p>Al utilizar nuestros servicios acepta la utilizaci\u00f3n de las cookies. Puede usted permitir, bloquear o eliminar las cookies instaladas en su equipo mediante la configuraci\u00f3n de las opciones del navegador instalado en su dispositivo. Por favor, consulte las instrucciones y manuales de su navegador para ampliar esta informaci\u00f3n.<\/p>\n<table style=\"border-collapse: collapse; width: 100%; height: 146px;\" border=\"1\">\n<tbody>\n<tr style=\"height: 36px;\">\n<td style=\"width: 16.19%; height: 36px;\">Google Chrome<\/td>\n<td style=\"width: 83.81%; height: 36px;\">https:\/\/support.google.com\/chrome\/answer\/95647?hl=es<\/td>\n<\/tr>\n<tr style=\"height: 40px;\">\n<td style=\"width: 16.19%; height: 40px;\">Firefox<\/td>\n<td style=\"width: 83.81%; height: 40px;\">http:\/\/support.mozilla.org\/es\/kb\/habilitar-y-deshabilitar-cookies-que-los-sitios-we<\/td>\n<\/tr>\n<tr style=\"height: 40px;\">\n<td style=\"width: 16.19%; height: 40px;\">Internet Explorer<\/td>\n<td style=\"width: 83.81%; height: 40px;\">http:\/\/windows.microsoft.com\/es-xl\/internet-explorer\/delete-manage-cookies#ie=ie-8<\/td>\n<\/tr>\n<tr style=\"height: 30px;\">\n<td style=\"width: 16.19%; height: 30px;\">Safari<\/td>\n<td style=\"width: 83.81%; height: 30px;\">Puedes obtener informaci\u00f3n en el men\u00fa de Ayuda del navegador<\/td>\n<\/tr>\n<\/tbody>\n<\/table>\n<p>&nbsp;<\/p>\n<p>[\/et_pb_text][\/et_pb_column][et_pb_column type=\u00a0\u00bb1_5&Prime; _builder_version=\u00a0\u00bb4.23&Prime; _module_preset=\u00a0\u00bbdefault\u00a0\u00bb global_colors_info=\u00a0\u00bb{}\u00a0\u00bb][\/et_pb_column][\/et_pb_row][\/et_pb_section]<\/p>\n","protected":false},"excerpt":{"rendered":"<p>Pol\u00edtica de Cookies Informaci\u00f3n sobre las cookies utilizadas en esta web \u00bfQu\u00e9 es una cookie? Una cookie es un peque\u00f1o archivo de informaci\u00f3n que el servidor env\u00eda a su navegador y permite almacenar y recuperar informaci\u00f3n para ofrecerle una mejor experiencia de usuario y\/o realizar estad\u00edsticas an\u00f3nimas de navegaci\u00f3n. El presente sitio web utiliza cookies [&hellip;]<\/p>\n","protected":false},"author":1,"featured_media":0,"parent":0,"menu_order":999,"comment_status":"closed","ping_status":"closed","template":"","meta":{"_et_pb_use_builder":"on","_et_pb_old_content":"","_et_gb_content_width":"","footnotes":""},"class_list":["post-816","page","type-page","status-publish","hentry"],"yoast_head":"<!-- This site is optimized with the Yoast SEO plugin v21.9.1 - https:\/\/yoast.com\/wordpress\/plugins\/seo\/ -->\n<title>Pol\u00edtica de Cookies - Seiak<\/title>\n<meta name=\"robots\" content=\"noindex, nofollow\" \/>\n<meta property=\"og:locale\" content=\"fr_FR\" \/>\n<meta property=\"og:type\" content=\"article\" \/>\n<meta property=\"og:title\" content=\"Pol\u00edtica de Cookies - Seiak\" \/>\n<meta property=\"og:description\" content=\"Pol\u00edtica de Cookies Informaci\u00f3n sobre las cookies utilizadas en esta web \u00bfQu\u00e9 es una cookie? Una cookie es un peque\u00f1o archivo de informaci\u00f3n que el servidor env\u00eda a su navegador y permite almacenar y recuperar informaci\u00f3n para ofrecerle una mejor experiencia de usuario y\/o realizar estad\u00edsticas an\u00f3nimas de navegaci\u00f3n. El presente sitio web utiliza cookies [&hellip;]\" \/>\n<meta property=\"og:url\" content=\"https:\/\/www.fundicion-de-aluminio.eu\/fr\/politica-de-cookies\/\" \/>\n<meta property=\"og:site_name\" content=\"Seiak\" \/>\n<meta property=\"article:modified_time\" content=\"2023-12-29T08:35:52+00:00\" \/>\n<meta name=\"twitter:card\" content=\"summary_large_image\" \/>\n<meta name=\"twitter:label1\" content=\"Dur\u00e9e de lecture estim\u00e9e\" \/>\n\t<meta name=\"twitter:data1\" content=\"2 minutes\" \/>\n<script type=\"application\/ld+json\" class=\"yoast-schema-graph\">{\"@context\":\"https:\/\/schema.org\",\"@graph\":[{\"@type\":\"WebPage\",\"@id\":\"https:\/\/www.fundicion-de-aluminio.eu\/fr\/politica-de-cookies\/\",\"url\":\"https:\/\/www.fundicion-de-aluminio.eu\/fr\/politica-de-cookies\/\",\"name\":\"Pol\u00edtica de Cookies - Seiak\",\"isPartOf\":{\"@id\":\"https:\/\/www.fundicion-de-aluminio.eu\/#website\"},\"datePublished\":\"2023-10-31T15:58:00+00:00\",\"dateModified\":\"2023-12-29T08:35:52+00:00\",\"breadcrumb\":{\"@id\":\"https:\/\/www.fundicion-de-aluminio.eu\/fr\/politica-de-cookies\/#breadcrumb\"},\"inLanguage\":\"fr-FR\",\"potentialAction\":[{\"@type\":\"ReadAction\",\"target\":[\"https:\/\/www.fundicion-de-aluminio.eu\/fr\/politica-de-cookies\/\"]}]},{\"@type\":\"BreadcrumbList\",\"@id\":\"https:\/\/www.fundicion-de-aluminio.eu\/fr\/politica-de-cookies\/#breadcrumb\",\"itemListElement\":[{\"@type\":\"ListItem\",\"position\":1,\"name\":\"Portada\",\"item\":\"https:\/\/www.fundicion-de-aluminio.eu\/en\/\"},{\"@type\":\"ListItem\",\"position\":2,\"name\":\"Pol\u00edtica de Cookies\"}]},{\"@type\":\"WebSite\",\"@id\":\"https:\/\/www.fundicion-de-aluminio.eu\/#website\",\"url\":\"https:\/\/www.fundicion-de-aluminio.eu\/\",\"name\":\"Seiak\",\"description\":\"\",\"publisher\":{\"@id\":\"https:\/\/www.fundicion-de-aluminio.eu\/#organization\"},\"potentialAction\":[{\"@type\":\"SearchAction\",\"target\":{\"@type\":\"EntryPoint\",\"urlTemplate\":\"https:\/\/www.fundicion-de-aluminio.eu\/?s={search_term_string}\"},\"query-input\":\"required name=search_term_string\"}],\"inLanguage\":\"fr-FR\"},{\"@type\":\"Organization\",\"@id\":\"https:\/\/www.fundicion-de-aluminio.eu\/#organization\",\"name\":\"Seiak\",\"url\":\"https:\/\/www.fundicion-de-aluminio.eu\/\",\"logo\":{\"@type\":\"ImageObject\",\"inLanguage\":\"fr-FR\",\"@id\":\"https:\/\/www.fundicion-de-aluminio.eu\/#\/schema\/logo\/image\/\",\"url\":\"https:\/\/www.fundicion-de-aluminio.eu\/wp-content\/uploads\/2023\/10\/logo.svg\",\"contentUrl\":\"https:\/\/www.fundicion-de-aluminio.eu\/wp-content\/uploads\/2023\/10\/logo.svg\",\"width\":180,\"height\":89,\"caption\":\"Seiak\"},\"image\":{\"@id\":\"https:\/\/www.fundicion-de-aluminio.eu\/#\/schema\/logo\/image\/\"}}]}<\/script>\n<!-- \/ Yoast SEO plugin. -->","yoast_head_json":{"title":"Pol\u00edtica de Cookies - Seiak","robots":{"index":"noindex","follow":"nofollow"},"og_locale":"fr_FR","og_type":"article","og_title":"Pol\u00edtica de Cookies - Seiak","og_description":"Pol\u00edtica de Cookies Informaci\u00f3n sobre las cookies utilizadas en esta web \u00bfQu\u00e9 es una cookie? Una cookie es un peque\u00f1o archivo de informaci\u00f3n que el servidor env\u00eda a su navegador y permite almacenar y recuperar informaci\u00f3n para ofrecerle una mejor experiencia de usuario y\/o realizar estad\u00edsticas an\u00f3nimas de navegaci\u00f3n. El presente sitio web utiliza cookies [&hellip;]","og_url":"https:\/\/www.fundicion-de-aluminio.eu\/fr\/politica-de-cookies\/","og_site_name":"Seiak","article_modified_time":"2023-12-29T08:35:52+00:00","twitter_card":"summary_large_image","twitter_misc":{"Dur\u00e9e de lecture estim\u00e9e":"2 minutes"},"schema":{"@context":"https:\/\/schema.org","@graph":[{"@type":"WebPage","@id":"https:\/\/www.fundicion-de-aluminio.eu\/fr\/politica-de-cookies\/","url":"https:\/\/www.fundicion-de-aluminio.eu\/fr\/politica-de-cookies\/","name":"Pol\u00edtica de Cookies - Seiak","isPartOf":{"@id":"https:\/\/www.fundicion-de-aluminio.eu\/#website"},"datePublished":"2023-10-31T15:58:00+00:00","dateModified":"2023-12-29T08:35:52+00:00","breadcrumb":{"@id":"https:\/\/www.fundicion-de-aluminio.eu\/fr\/politica-de-cookies\/#breadcrumb"},"inLanguage":"fr-FR","potentialAction":[{"@type":"ReadAction","target":["https:\/\/www.fundicion-de-aluminio.eu\/fr\/politica-de-cookies\/"]}]},{"@type":"BreadcrumbList","@id":"https:\/\/www.fundicion-de-aluminio.eu\/fr\/politica-de-cookies\/#breadcrumb","itemListElement":[{"@type":"ListItem","position":1,"name":"Portada","item":"https:\/\/www.fundicion-de-aluminio.eu\/en\/"},{"@type":"ListItem","position":2,"name":"Pol\u00edtica de Cookies"}]},{"@type":"WebSite","@id":"https:\/\/www.fundicion-de-aluminio.eu\/#website","url":"https:\/\/www.fundicion-de-aluminio.eu\/","name":"Seiak","description":"","publisher":{"@id":"https:\/\/www.fundicion-de-aluminio.eu\/#organization"},"potentialAction":[{"@type":"SearchAction","target":{"@type":"EntryPoint","urlTemplate":"https:\/\/www.fundicion-de-aluminio.eu\/?s={search_term_string}"},"query-input":"required name=search_term_string"}],"inLanguage":"fr-FR"},{"@type":"Organization","@id":"https:\/\/www.fundicion-de-aluminio.eu\/#organization","name":"Seiak","url":"https:\/\/www.fundicion-de-aluminio.eu\/","logo":{"@type":"ImageObject","inLanguage":"fr-FR","@id":"https:\/\/www.fundicion-de-aluminio.eu\/#\/schema\/logo\/image\/","url":"https:\/\/www.fundicion-de-aluminio.eu\/wp-content\/uploads\/2023\/10\/logo.svg","contentUrl":"https:\/\/www.fundicion-de-aluminio.eu\/wp-content\/uploads\/2023\/10\/logo.svg","width":180,"height":89,"caption":"Seiak"},"image":{"@id":"https:\/\/www.fundicion-de-aluminio.eu\/#\/schema\/logo\/image\/"}}]}},"_links":{"self":[{"href":"https:\/\/www.fundicion-de-aluminio.eu\/fr\/wp-json\/wp\/v2\/pages\/816","targetHints":{"allow":["GET"]}}],"collection":[{"href":"https:\/\/www.fundicion-de-aluminio.eu\/fr\/wp-json\/wp\/v2\/pages"}],"about":[{"href":"https:\/\/www.fundicion-de-aluminio.eu\/fr\/wp-json\/wp\/v2\/types\/page"}],"author":[{"embeddable":true,"href":"https:\/\/www.fundicion-de-aluminio.eu\/fr\/wp-json\/wp\/v2\/users\/1"}],"replies":[{"embeddable":true,"href":"https:\/\/www.fundicion-de-aluminio.eu\/fr\/wp-json\/wp\/v2\/comments?post=816"}],"version-history":[{"count":1,"href":"https:\/\/www.fundicion-de-aluminio.eu\/fr\/wp-json\/wp\/v2\/pages\/816\/revisions"}],"predecessor-version":[{"id":897,"href":"https:\/\/www.fundicion-de-aluminio.eu\/fr\/wp-json\/wp\/v2\/pages\/816\/revisions\/897"}],"wp:attachment":[{"href":"https:\/\/www.fundicion-de-aluminio.eu\/fr\/wp-json\/wp\/v2\/media?parent=816"}],"curies":[{"name":"wp","href":"https:\/\/api.w.org\/{rel}","templated":true}]}}