{"id":819,"date":"2023-10-31T16:50:49","date_gmt":"2023-10-31T15:50:49","guid":{"rendered":"https:\/\/www.fundicion-de-aluminio.eu\/politica-de-privacidad\/"},"modified":"2023-12-29T09:36:41","modified_gmt":"2023-12-29T08:36:41","slug":"politica-de-privacidad","status":"publish","type":"page","link":"https:\/\/www.fundicion-de-aluminio.eu\/fr\/politica-de-privacidad\/","title":{"rendered":"Pol\u00edtica de Privacidad"},"content":{"rendered":"<p>[et_pb_section fb_built=\u00a0\u00bb1&Prime; _builder_version=\u00a0\u00bb4.23&Prime; _module_preset=\u00a0\u00bbdefault\u00a0\u00bb background_color=\u00a0\u00bbRGBA(255,255,255,0)\u00a0\u00bb global_colors_info=\u00a0\u00bb{}\u00a0\u00bb][et_pb_row column_structure=\u00a0\u00bb1_5,3_5,1_5&Prime; _builder_version=\u00a0\u00bb4.23&Prime; _module_preset=\u00a0\u00bbdefault\u00a0\u00bb global_colors_info=\u00a0\u00bb{}\u00a0\u00bb][et_pb_column type=\u00a0\u00bb1_5&Prime; _builder_version=\u00a0\u00bb4.23&Prime; _module_preset=\u00a0\u00bbdefault\u00a0\u00bb global_colors_info=\u00a0\u00bb{}\u00a0\u00bb][\/et_pb_column][et_pb_column type=\u00a0\u00bb3_5&Prime; _builder_version=\u00a0\u00bb4.23&Prime; _module_preset=\u00a0\u00bbdefault\u00a0\u00bb global_colors_info=\u00a0\u00bb{}\u00a0\u00bb][et_pb_text _builder_version=\u00a0\u00bb4.23&Prime; _module_preset=\u00a0\u00bbdefault\u00a0\u00bb header_text_color=\u00a0\u00bb#E63027&Prime; header_2_text_color=\u00a0\u00bb#E63027&Prime; custom_css_free_form=\u00a0\u00bbselector strong {color:#e63027;}\u00a0\u00bb global_colors_info=\u00a0\u00bb{}\u00a0\u00bb]<\/p>\n<h1>Protecci\u00f3n de Datos Personales<\/h1>\n<p>En esta web, propiedad de FUNDICIONES SEIAK S.L.., aseguramos la total protecci\u00f3n de los datos de car\u00e1cter personal proporcionados por nuestros usuarios.<\/p>\n<p>En esta secci\u00f3n ponemos a disposici\u00f3n del interesado la informaci\u00f3n legal o pol\u00edtica de privacidad correspondiente a los distintos tratamientos de datos llevados a cabo por nuestra empresa.<\/p>\n<p>En funci\u00f3n de cu\u00e1l sea su relaci\u00f3n con FUNDICIONES SEIAK S.L.. (Cliente, Colaborador o Contacto\/Usuario Web), le ser\u00e1 aplicable la correspondiente pol\u00edtica de privacidad:<\/p>\n<h2>Colaboradores<\/h2>\n<p><strong>\u00bfQui\u00e9n es el responsable de sus datos?\u2028<\/strong><\/p>\n<p>De acuerdo con lo establecido por el Reglamento (UE) 2016\/679 del Parlamento Europeo y del Consejo, le informamos que los datos personales aportados ser\u00e1n tratados por FUNDICIONES SEIAK S.L.. con CIF B20901740 y domicilio Igara Bidea 90, 20018 Donostia \u2013 San Sebasti\u00e1n, Gipuzkoa, Espa\u00f1a.<\/p>\n<p><strong>\u00bfCon qu\u00e9 finalidad tratamos sus datos personales?\u2028<\/strong><\/p>\n<p>Los datos aportados por usted son necesarios para nuestra relaci\u00f3n mercantil y ser\u00e1n tratados con la finalidad de realizar la gesti\u00f3n contable, fiscal y administrativa, gesti\u00f3n de las relaciones comerciales y transacciones econ\u00f3micas.<\/p>\n<p><strong>\u00bfPor cu\u00e1nto tiempo conservaremos sus datos?<\/strong><\/p>\n<p>Los datos personales proporcionados se conservar\u00e1n hasta la finalizaci\u00f3n de la relaci\u00f3n contractual y, posteriormente, durante los plazos legalmente exigidos.<\/p>\n<p><strong>\u00bfCu\u00e1l es la legitimaci\u00f3n para el tratamiento de sus datos?<\/strong><\/p>\n<p>La base legal para el tratamiento de sus datos es la ejecuci\u00f3n del contrato suscrito con nosotros.<\/p>\n<p><strong>\u00bfA qu\u00e9 destinatarios se comunicar\u00e1n sus datos?\u2028<\/strong><\/p>\n<p>Para cumplir con las finalidades previstas, sus datos podr\u00e1n ser comunicados a: Administraci\u00f3n tributaria; Bancos, cajas de ahorros y cajas rurales; Administraci\u00f3n p\u00fablica con competencia en la materia.<\/p>\n<p><strong>\u00bfCu\u00e1les son sus derechos cuando nos facilita sus datos?\u2028<\/strong><\/p>\n<p>Cualquier persona tiene derecho a solicitar el acceso, rectificaci\u00f3n, supresi\u00f3n, limitaci\u00f3n del tratamiento, oposici\u00f3n o derecho a la portabilidad de sus datos personales, escribi\u00e9ndonos a nuestra direcci\u00f3n arriba indicada, o enviando un correo electr\u00f3nico a info@seiak.net, indicando el derecho que desea ejercer.<\/p>\n<p>Tendr\u00e1 derecho igualmente a retirar el consentimiento prestado en cualquier momento. La retirada del consentimiento no afectar\u00e1 a la licitud del tratamiento efectuado antes de la retirada de dicho consentimiento.<\/p>\n<p>Tiene derecho a presentar una reclamaci\u00f3n ante la autoridad de control si considera que pueden haber sido vulnerados sus derechos en lo concerniente a la protecci\u00f3n de sus datos personales.<\/p>\n<h2>Clientes<\/h2>\n<p><strong>\u00bfQui\u00e9n es el responsable de sus datos?\u2028<\/strong><\/p>\n<p>De acuerdo con lo establecido por el Reglamento (UE) 2016\/679 del Parlamento Europeo y del Consejo, le informamos que los datos personales aportados ser\u00e1n tratados por FUNDICIONES SEIAK S.L.. con CIF B20901740 y domicilio Igara Bidea 90, 20018 Donostia \u2013 San Sebasti\u00e1n, Gipuzkoa, Espa\u00f1a.<\/p>\n<p><strong>\u00bfCon qu\u00e9 finalidad tratamos sus datos personales?<\/strong><\/p>\n<p>Los datos aportados por usted son necesarios para poder prestarle con todas las garant\u00edas el servicio solicitado, y ser\u00e1n tratados con la finalidad, llevar a cabo la gesti\u00f3n contable, fiscal y administrativa, transacciones econ\u00f3micas y para la prospecci\u00f3n comercial y env\u00edo de publicidad relacionada siempre con el servicio prestado.<\/p>\n<p><strong>\u00bfPor cu\u00e1nto tiempo conservaremos sus datos?\u2028<\/strong><\/p>\n<p>Los datos personales proporcionados se conservar\u00e1n hasta la finalizaci\u00f3n de la relaci\u00f3n contractual y, posteriormente, durante los plazos legalmente exigidos.<\/p>\n<p><strong>\u00bfCu\u00e1l es la legitimaci\u00f3n para el tratamiento de sus datos?<\/strong><\/p>\n<p>La base legal para el tratamiento de sus datos es la ejecuci\u00f3n del contrato suscrito con nosotros.<\/p>\n<p><strong>\u00bfA qu\u00e9 destinatarios se comunicar\u00e1n sus datos?\u2028<\/strong><\/p>\n<p>Para cumplir con las finalidades previstas, sus datos podr\u00e1n ser comunicados a: Administraci\u00f3n tributaria; Bancos, cajas de ahorros y cajas rurales; Administraci\u00f3n p\u00fablica con competencia en la materia; Agencia espa\u00f1ola de protecci\u00f3n de datos<\/p>\n<p><strong>\u00bfCu\u00e1les son sus derechos cuando nos facilita sus datos?\u2028<\/strong><\/p>\n<p>Cualquier persona tiene derecho a solicitar el acceso, rectificaci\u00f3n, supresi\u00f3n, limitaci\u00f3n del tratamiento, oposici\u00f3n o derecho a la portabilidad de sus datos personales, escribi\u00e9ndonos a nuestra direcci\u00f3n arriba indicada, o enviando un correo electr\u00f3nico a info@seiak.net, indicando el derecho que desea ejercer.<\/p>\n<p>Tendr\u00e1 derecho igualmente a retirar el consentimiento prestado en cualquier momento. La retirada del consentimiento no afectar\u00e1 a la licitud del tratamiento efectuado antes de la retirada de dicho consentimiento.<\/p>\n<p>Tiene derecho a presentar una reclamaci\u00f3n ante la autoridad de control si considera que pueden haber sido vulnerados sus derechos en lo concerniente a la protecci\u00f3n de sus datos personales.<\/p>\n<h2>Contactos<\/h2>\n<p><strong>\u00bfQui\u00e9n es el responsable de sus datos?\u2028<\/strong><\/p>\n<p>De acuerdo con lo establecido por el Reglamento (UE) 2016\/679 del Parlamento Europeo y del Consejo, le informamos que los datos personales aportados ser\u00e1n tratados por FUNDICIONES SEIAK S.L.. con CIF B20901740 y domicilio Igara Bidea 90, 20018 Donostia \u2013 San Sebasti\u00e1n, Gipuzkoa, Espa\u00f1a.<\/p>\n<p><strong>\u00bfCon qu\u00e9 finalidad tratamos sus datos personales?\u2028<\/strong><\/p>\n<p>Los datos de contacto aportados por usted son necesarios para mantener la comunicaci\u00f3n con usted y poder atender a sus consultas y peticiones.<\/p>\n<p><strong>\u00bfPor cu\u00e1nto tiempo conservaremos sus datos?\u2028<\/strong><\/p>\n<p>Los datos personales proporcionados se conservar\u00e1n mientras se prevea que pueden ser necesarios para contactar con el interesado.<\/p>\n<p><strong>\u00bfCu\u00e1l es la legitimaci\u00f3n para el tratamiento de sus datos?\u2028<\/strong><\/p>\n<p>La base legal para el tratamiento de sus datos es el consentimiento del interesado al proporcionar sus datos de contacto.<\/p>\n<p><strong>\u00bfA qu\u00e9 destinatarios se comunicar\u00e1n sus datos?<\/strong><\/p>\n<p>Para cumplir con las finalidades previstas, sus datos podr\u00e1n ser comunicados a la empresa colaboradora del grupo Mediagest Soluciones y Servicios, S.L para atender cualquier consulta relacionada con el servicio de formaci\u00f3n online.<\/p>\n<p><strong>\u00bfCu\u00e1les son sus derechos cuando nos facilita sus datos?\u2028<\/strong><\/p>\n<p>Cualquier persona tiene derecho a solicitar el acceso, rectificaci\u00f3n, supresi\u00f3n, limitaci\u00f3n del tratamiento, oposici\u00f3n o derecho a la portabilidad de sus datos personales, escribi\u00e9ndonos a nuestra direcci\u00f3n arriba indicada, o enviando un correo electr\u00f3nico a info@seiak.net, indicando el derecho que desea ejercer.<\/p>\n<p>Tendr\u00e1 derecho igualmente a retirar el consentimiento prestado en cualquier momento. La retirada del consentimiento no afectar\u00e1 a la licitud del tratamiento efectuado antes de la retirada de dicho consentimiento.<\/p>\n<p>Tiene derecho a presentar una reclamaci\u00f3n ante la autoridad de control si considera que pueden haber sido vulnerados sus derechos en lo concerniente a la protecci\u00f3n de sus datos personales.<\/p>\n<p><strong>Seguridad<\/strong><\/p>\n<p>FUNDICIONES SEIAK S.L.., ha adoptado todas las medidas t\u00e9cnicas y organizativas necesarias para garantizar la seguridad e integridad de los datos de car\u00e1cter personal que trate, as\u00ed como para evitar su p\u00e9rdida, alteraci\u00f3n y\/o acceso por parte de terceros no autorizados. El presente sitio web utiliza t\u00e9cnicas de seguridad de la informaci\u00f3n generalmente aceptadas en la industria, tales como firewalls, procedimientos de control de acceso y mecanismos criptogr\u00e1ficos, todo ello con el objeto de evitar el acceso no autorizado a los datos. Para lograr estos fines, el usuario\/cliente acepta que FUNDICIONES SEIAK S.L.. obtenga datos para efectos de la correspondiente autenticaci\u00f3n de los controles de acceso.<\/p>\n<p><strong>Propiedad Intelectual e industrial<\/strong><\/p>\n<p>El presente sitio web, incluyendo a t\u00edtulo enunciativo, pero no limitativo su programaci\u00f3n, edici\u00f3n, compilaci\u00f3n, dise\u00f1os, logotipos, texto y\/o gr\u00e1ficos, son propiedad del responsable del sitio web, encontr\u00e1ndose protegidos por la normativa nacional e internacional sobre propiedad intelectual e industrial. El acceso por parte del usuario al sitio web no le otorga ning\u00fan derecho de propiedad sobre los mismos. Todos los contenidos del sitio web se encuentran debidamente protegidos por la normativa de propiedad intelectual e industrial, as\u00ed como inscritos en los registros p\u00fablicos correspondientes. Independientemente de la finalidad para la que fueran destinados, la reproducci\u00f3n total o parcial, uso, explotaci\u00f3n, distribuci\u00f3n y comercializaci\u00f3n, requiere en todo caso de la autorizaci\u00f3n escrita previa por parte de\u00a0FUNDICIONES SEIAK S.L\u2026 Cualquier uso no autorizado previamente por parte de\u00a0FUNDICIONES SEIAK S.L.. ser\u00e1 considerado un incumplimiento grave de los derechos de propiedad intelectual o industrial del autor. Los dise\u00f1os, logotipos, texto y\/o gr\u00e1ficos ajenos a\u00a0FUNDICIONES SEIAK S.L.. y que pudieran aparecer en el sitio web, pertenecen a sus respectivos propietarios, siendo ellos mismos responsables de cualquier posible controversia que pudiera suscitarse respecto a los mismos. FUNDICIONES SEIAK S.L.. reconoce a favor de sus titulares los correspondientes derechos de propiedad industrial e intelectual, no implicando su sola menci\u00f3n o aparici\u00f3n en el sitio web la existencia de derechos o responsabilidad alguna de\u00a0FUNDICIONES SEIAK S.L.. sobre los mismos, como tampoco respaldo, patrocinio o recomendaci\u00f3n por parte del mismo. Para realizar cualquier tipo de observaci\u00f3n respecto a posibles incumplimientos de los derechos de propiedad intelectual o industrial, as\u00ed como sobre cualquiera de los contenidos del sitio web, por favor contacte con nosotros.<\/p>\n<p><strong>Ley aplicable y jurisdicci\u00f3n<\/strong><\/p>\n<p>Para la resoluci\u00f3n de todas las controversias o cuestiones relacionadas con el presente sitio web o de las actividades en \u00e9l desarrolladas, ser\u00e1 de aplicaci\u00f3n la legislaci\u00f3n espa\u00f1ola, a la que se someten expresamente las partes, siendo competentes para la resoluci\u00f3n de todos los conflictos derivados o relacionados con su uso los Juzgados y Tribunales de San Sebasti\u00e1n.<\/p>\n<p>[\/et_pb_text][\/et_pb_column][et_pb_column type=\u00a0\u00bb1_5&Prime; _builder_version=\u00a0\u00bb4.23&Prime; _module_preset=\u00a0\u00bbdefault\u00a0\u00bb global_colors_info=\u00a0\u00bb{}\u00a0\u00bb][\/et_pb_column][\/et_pb_row][\/et_pb_section]<\/p>\n","protected":false},"excerpt":{"rendered":"<p>Protecci\u00f3n de Datos Personales En esta web, propiedad de FUNDICIONES SEIAK S.L.., aseguramos la total protecci\u00f3n de los datos de car\u00e1cter personal proporcionados por nuestros usuarios. En esta secci\u00f3n ponemos a disposici\u00f3n del interesado la informaci\u00f3n legal o pol\u00edtica de privacidad correspondiente a los distintos tratamientos de datos llevados a cabo por nuestra empresa. En [&hellip;]<\/p>\n","protected":false},"author":1,"featured_media":0,"parent":0,"menu_order":999,"comment_status":"closed","ping_status":"closed","template":"","meta":{"_et_pb_use_builder":"on","_et_pb_old_content":"","_et_gb_content_width":"","footnotes":""},"class_list":["post-819","page","type-page","status-publish","hentry"],"yoast_head":"<!-- This site is optimized with the Yoast SEO plugin v21.9.1 - https:\/\/yoast.com\/wordpress\/plugins\/seo\/ -->\n<title>Pol\u00edtica de Privacidad - Seiak<\/title>\n<meta name=\"robots\" content=\"noindex, nofollow\" \/>\n<meta property=\"og:locale\" content=\"fr_FR\" \/>\n<meta property=\"og:type\" content=\"article\" \/>\n<meta property=\"og:title\" content=\"Pol\u00edtica de Privacidad - Seiak\" \/>\n<meta property=\"og:description\" content=\"Protecci\u00f3n de Datos Personales En esta web, propiedad de FUNDICIONES SEIAK S.L.., aseguramos la total protecci\u00f3n de los datos de car\u00e1cter personal proporcionados por nuestros usuarios. En esta secci\u00f3n ponemos a disposici\u00f3n del interesado la informaci\u00f3n legal o pol\u00edtica de privacidad correspondiente a los distintos tratamientos de datos llevados a cabo por nuestra empresa. En [&hellip;]\" \/>\n<meta property=\"og:url\" content=\"https:\/\/www.fundicion-de-aluminio.eu\/fr\/politica-de-privacidad\/\" \/>\n<meta property=\"og:site_name\" content=\"Seiak\" \/>\n<meta property=\"article:modified_time\" content=\"2023-12-29T08:36:41+00:00\" \/>\n<meta name=\"twitter:card\" content=\"summary_large_image\" \/>\n<meta name=\"twitter:label1\" content=\"Dur\u00e9e de lecture estim\u00e9e\" \/>\n\t<meta name=\"twitter:data1\" content=\"7 minutes\" \/>\n<script type=\"application\/ld+json\" class=\"yoast-schema-graph\">{\"@context\":\"https:\/\/schema.org\",\"@graph\":[{\"@type\":\"WebPage\",\"@id\":\"https:\/\/www.fundicion-de-aluminio.eu\/fr\/politica-de-privacidad\/\",\"url\":\"https:\/\/www.fundicion-de-aluminio.eu\/fr\/politica-de-privacidad\/\",\"name\":\"Pol\u00edtica de Privacidad - Seiak\",\"isPartOf\":{\"@id\":\"https:\/\/www.fundicion-de-aluminio.eu\/#website\"},\"datePublished\":\"2023-10-31T15:50:49+00:00\",\"dateModified\":\"2023-12-29T08:36:41+00:00\",\"breadcrumb\":{\"@id\":\"https:\/\/www.fundicion-de-aluminio.eu\/fr\/politica-de-privacidad\/#breadcrumb\"},\"inLanguage\":\"fr-FR\",\"potentialAction\":[{\"@type\":\"ReadAction\",\"target\":[\"https:\/\/www.fundicion-de-aluminio.eu\/fr\/politica-de-privacidad\/\"]}]},{\"@type\":\"BreadcrumbList\",\"@id\":\"https:\/\/www.fundicion-de-aluminio.eu\/fr\/politica-de-privacidad\/#breadcrumb\",\"itemListElement\":[{\"@type\":\"ListItem\",\"position\":1,\"name\":\"Portada\",\"item\":\"https:\/\/www.fundicion-de-aluminio.eu\/en\/\"},{\"@type\":\"ListItem\",\"position\":2,\"name\":\"Pol\u00edtica de Privacidad\"}]},{\"@type\":\"WebSite\",\"@id\":\"https:\/\/www.fundicion-de-aluminio.eu\/#website\",\"url\":\"https:\/\/www.fundicion-de-aluminio.eu\/\",\"name\":\"Seiak\",\"description\":\"\",\"publisher\":{\"@id\":\"https:\/\/www.fundicion-de-aluminio.eu\/#organization\"},\"potentialAction\":[{\"@type\":\"SearchAction\",\"target\":{\"@type\":\"EntryPoint\",\"urlTemplate\":\"https:\/\/www.fundicion-de-aluminio.eu\/?s={search_term_string}\"},\"query-input\":\"required name=search_term_string\"}],\"inLanguage\":\"fr-FR\"},{\"@type\":\"Organization\",\"@id\":\"https:\/\/www.fundicion-de-aluminio.eu\/#organization\",\"name\":\"Seiak\",\"url\":\"https:\/\/www.fundicion-de-aluminio.eu\/\",\"logo\":{\"@type\":\"ImageObject\",\"inLanguage\":\"fr-FR\",\"@id\":\"https:\/\/www.fundicion-de-aluminio.eu\/#\/schema\/logo\/image\/\",\"url\":\"https:\/\/www.fundicion-de-aluminio.eu\/wp-content\/uploads\/2023\/10\/logo.svg\",\"contentUrl\":\"https:\/\/www.fundicion-de-aluminio.eu\/wp-content\/uploads\/2023\/10\/logo.svg\",\"width\":180,\"height\":89,\"caption\":\"Seiak\"},\"image\":{\"@id\":\"https:\/\/www.fundicion-de-aluminio.eu\/#\/schema\/logo\/image\/\"}}]}<\/script>\n<!-- \/ Yoast SEO plugin. -->","yoast_head_json":{"title":"Pol\u00edtica de Privacidad - Seiak","robots":{"index":"noindex","follow":"nofollow"},"og_locale":"fr_FR","og_type":"article","og_title":"Pol\u00edtica de Privacidad - Seiak","og_description":"Protecci\u00f3n de Datos Personales En esta web, propiedad de FUNDICIONES SEIAK S.L.., aseguramos la total protecci\u00f3n de los datos de car\u00e1cter personal proporcionados por nuestros usuarios. En esta secci\u00f3n ponemos a disposici\u00f3n del interesado la informaci\u00f3n legal o pol\u00edtica de privacidad correspondiente a los distintos tratamientos de datos llevados a cabo por nuestra empresa. En [&hellip;]","og_url":"https:\/\/www.fundicion-de-aluminio.eu\/fr\/politica-de-privacidad\/","og_site_name":"Seiak","article_modified_time":"2023-12-29T08:36:41+00:00","twitter_card":"summary_large_image","twitter_misc":{"Dur\u00e9e de lecture estim\u00e9e":"7 minutes"},"schema":{"@context":"https:\/\/schema.org","@graph":[{"@type":"WebPage","@id":"https:\/\/www.fundicion-de-aluminio.eu\/fr\/politica-de-privacidad\/","url":"https:\/\/www.fundicion-de-aluminio.eu\/fr\/politica-de-privacidad\/","name":"Pol\u00edtica de Privacidad - Seiak","isPartOf":{"@id":"https:\/\/www.fundicion-de-aluminio.eu\/#website"},"datePublished":"2023-10-31T15:50:49+00:00","dateModified":"2023-12-29T08:36:41+00:00","breadcrumb":{"@id":"https:\/\/www.fundicion-de-aluminio.eu\/fr\/politica-de-privacidad\/#breadcrumb"},"inLanguage":"fr-FR","potentialAction":[{"@type":"ReadAction","target":["https:\/\/www.fundicion-de-aluminio.eu\/fr\/politica-de-privacidad\/"]}]},{"@type":"BreadcrumbList","@id":"https:\/\/www.fundicion-de-aluminio.eu\/fr\/politica-de-privacidad\/#breadcrumb","itemListElement":[{"@type":"ListItem","position":1,"name":"Portada","item":"https:\/\/www.fundicion-de-aluminio.eu\/en\/"},{"@type":"ListItem","position":2,"name":"Pol\u00edtica de Privacidad"}]},{"@type":"WebSite","@id":"https:\/\/www.fundicion-de-aluminio.eu\/#website","url":"https:\/\/www.fundicion-de-aluminio.eu\/","name":"Seiak","description":"","publisher":{"@id":"https:\/\/www.fundicion-de-aluminio.eu\/#organization"},"potentialAction":[{"@type":"SearchAction","target":{"@type":"EntryPoint","urlTemplate":"https:\/\/www.fundicion-de-aluminio.eu\/?s={search_term_string}"},"query-input":"required name=search_term_string"}],"inLanguage":"fr-FR"},{"@type":"Organization","@id":"https:\/\/www.fundicion-de-aluminio.eu\/#organization","name":"Seiak","url":"https:\/\/www.fundicion-de-aluminio.eu\/","logo":{"@type":"ImageObject","inLanguage":"fr-FR","@id":"https:\/\/www.fundicion-de-aluminio.eu\/#\/schema\/logo\/image\/","url":"https:\/\/www.fundicion-de-aluminio.eu\/wp-content\/uploads\/2023\/10\/logo.svg","contentUrl":"https:\/\/www.fundicion-de-aluminio.eu\/wp-content\/uploads\/2023\/10\/logo.svg","width":180,"height":89,"caption":"Seiak"},"image":{"@id":"https:\/\/www.fundicion-de-aluminio.eu\/#\/schema\/logo\/image\/"}}]}},"_links":{"self":[{"href":"https:\/\/www.fundicion-de-aluminio.eu\/fr\/wp-json\/wp\/v2\/pages\/819","targetHints":{"allow":["GET"]}}],"collection":[{"href":"https:\/\/www.fundicion-de-aluminio.eu\/fr\/wp-json\/wp\/v2\/pages"}],"about":[{"href":"https:\/\/www.fundicion-de-aluminio.eu\/fr\/wp-json\/wp\/v2\/types\/page"}],"author":[{"embeddable":true,"href":"https:\/\/www.fundicion-de-aluminio.eu\/fr\/wp-json\/wp\/v2\/users\/1"}],"replies":[{"embeddable":true,"href":"https:\/\/www.fundicion-de-aluminio.eu\/fr\/wp-json\/wp\/v2\/comments?post=819"}],"version-history":[{"count":1,"href":"https:\/\/www.fundicion-de-aluminio.eu\/fr\/wp-json\/wp\/v2\/pages\/819\/revisions"}],"predecessor-version":[{"id":898,"href":"https:\/\/www.fundicion-de-aluminio.eu\/fr\/wp-json\/wp\/v2\/pages\/819\/revisions\/898"}],"wp:attachment":[{"href":"https:\/\/www.fundicion-de-aluminio.eu\/fr\/wp-json\/wp\/v2\/media?parent=819"}],"curies":[{"name":"wp","href":"https:\/\/api.w.org\/{rel}","templated":true}]}}