{"id":820,"date":"2023-10-31T16:42:45","date_gmt":"2023-10-31T15:42:45","guid":{"rendered":"https:\/\/www.fundicion-de-aluminio.eu\/aviso-legal\/"},"modified":"2023-12-29T09:34:44","modified_gmt":"2023-12-29T08:34:44","slug":"aviso-legal","status":"publish","type":"page","link":"https:\/\/www.fundicion-de-aluminio.eu\/fr\/aviso-legal\/","title":{"rendered":"Aviso Legal"},"content":{"rendered":"<p>[et_pb_section fb_built=\u00a0\u00bb1&Prime; _builder_version=\u00a0\u00bb4.23&Prime; _module_preset=\u00a0\u00bbdefault\u00a0\u00bb background_color=\u00a0\u00bbRGBA(255,255,255,0)\u00a0\u00bb global_colors_info=\u00a0\u00bb{}\u00a0\u00bb][et_pb_row column_structure=\u00a0\u00bb1_5,3_5,1_5&Prime; _builder_version=\u00a0\u00bb4.23&Prime; _module_preset=\u00a0\u00bbdefault\u00a0\u00bb global_colors_info=\u00a0\u00bb{}\u00a0\u00bb][et_pb_column type=\u00a0\u00bb1_5&Prime; _builder_version=\u00a0\u00bb4.23&Prime; _module_preset=\u00a0\u00bbdefault\u00a0\u00bb global_colors_info=\u00a0\u00bb{}\u00a0\u00bb][\/et_pb_column][et_pb_column type=\u00a0\u00bb3_5&Prime; _builder_version=\u00a0\u00bb4.23&Prime; _module_preset=\u00a0\u00bbdefault\u00a0\u00bb global_colors_info=\u00a0\u00bb{}\u00a0\u00bb][et_pb_text _builder_version=\u00a0\u00bb4.23&Prime; _module_preset=\u00a0\u00bbdefault\u00a0\u00bb header_text_color=\u00a0\u00bb#E63027&Prime; header_2_text_color=\u00a0\u00bb#E63027&Prime; global_colors_info=\u00a0\u00bb{}\u00a0\u00bb]<\/p>\n<h1>Aviso Legal<\/h1>\n<h2>Titular del Sitio web FundicionDeAluminio.eu<\/h2>\n<p>Los datos identificativos de FUNDICIONES SEIAK S.L. son los siguientes.<\/p>\n<p>FUNDICIONES SEIAK S.L. \u2028Barrio LA FLORIDA, 148\u2028Apartado N\u00ba 22\u202820120 Hernani (Gipuzkoa)<br \/>Tel.: 943 556 650\u2028Fax: 943 555 268<br \/>CIF: B20050142<br \/>943 21 69 09\u00a0 \/ info@seiak.net \/ fundiciondealuminio.eu<\/p>\n<h2>Contenido y uso<\/h2>\n<p>El acceso al sitio web implica sin reservas la aceptaci\u00f3n de las presentes condiciones generales de uso que el usuario afirma comprender en su totalidad. El usuario se compromete a no utilizar el sitio web y los servicios que se ofrecen en el mismo para la realizaci\u00f3n de actividades contrarias a la ley y a respetar en todo momento las presentes condiciones generales.<\/p>\n<p>FUNDICIONES SEIAK S.L. podr\u00e1 interrumpir en cualquier momento el acceso a su sitio web si detecta un uso contrario a la legalidad, la buena fe o a las presentes condiciones generales. FUNDICIONES SEIAK S.L.. se reserva el derecho a modificar cualquier tipo de informaci\u00f3n que pudiera aparecer en el sitio web, sin que exista obligaci\u00f3n de preavisar o poner en conocimiento de los usuarios dichas obligaciones, entendi\u00e9ndose como suficiente con la publicaci\u00f3n en el sitio web.<\/p>\n<p>[\/et_pb_text][\/et_pb_column][et_pb_column type=\u00a0\u00bb1_5&Prime; _builder_version=\u00a0\u00bb4.23&Prime; _module_preset=\u00a0\u00bbdefault\u00a0\u00bb global_colors_info=\u00a0\u00bb{}\u00a0\u00bb][\/et_pb_column][\/et_pb_row][\/et_pb_section]<\/p>\n","protected":false},"excerpt":{"rendered":"<p>Aviso Legal Titular del Sitio web FundicionDeAluminio.eu Los datos identificativos de FUNDICIONES SEIAK S.L. son los siguientes. FUNDICIONES SEIAK S.L. \u2028Barrio LA FLORIDA, 148\u2028Apartado N\u00ba 22\u202820120 Hernani (Gipuzkoa)Tel.: 943 556 650\u2028Fax: 943 555 268CIF: B20050142943 21 69 09\u00a0 \/ info@seiak.net \/ fundiciondealuminio.eu Contenido y uso El acceso al sitio web implica sin reservas la aceptaci\u00f3n [&hellip;]<\/p>\n","protected":false},"author":1,"featured_media":0,"parent":0,"menu_order":999,"comment_status":"closed","ping_status":"closed","template":"","meta":{"_et_pb_use_builder":"on","_et_pb_old_content":"","_et_gb_content_width":"","footnotes":""},"class_list":["post-820","page","type-page","status-publish","hentry"],"yoast_head":"<!-- This site is optimized with the Yoast SEO plugin v21.9.1 - https:\/\/yoast.com\/wordpress\/plugins\/seo\/ -->\n<title>Aviso Legal - Seiak<\/title>\n<meta name=\"robots\" content=\"noindex, nofollow\" \/>\n<meta property=\"og:locale\" content=\"fr_FR\" \/>\n<meta property=\"og:type\" content=\"article\" \/>\n<meta property=\"og:title\" content=\"Aviso Legal - Seiak\" \/>\n<meta property=\"og:description\" content=\"Aviso Legal Titular del Sitio web FundicionDeAluminio.eu Los datos identificativos de FUNDICIONES SEIAK S.L. son los siguientes. FUNDICIONES SEIAK S.L. \u2028Barrio LA FLORIDA, 148\u2028Apartado N\u00ba 22\u202820120 Hernani (Gipuzkoa)Tel.: 943 556 650\u2028Fax: 943 555 268CIF: B20050142943 21 69 09\u00a0 \/ info@seiak.net \/ fundiciondealuminio.eu Contenido y uso El acceso al sitio web implica sin reservas la aceptaci\u00f3n [&hellip;]\" \/>\n<meta property=\"og:url\" content=\"https:\/\/www.fundicion-de-aluminio.eu\/fr\/aviso-legal\/\" \/>\n<meta property=\"og:site_name\" content=\"Seiak\" \/>\n<meta property=\"article:modified_time\" content=\"2023-12-29T08:34:44+00:00\" \/>\n<meta name=\"twitter:card\" content=\"summary_large_image\" \/>\n<meta name=\"twitter:label1\" content=\"Dur\u00e9e de lecture estim\u00e9e\" \/>\n\t<meta name=\"twitter:data1\" content=\"2 minutes\" \/>\n<script type=\"application\/ld+json\" class=\"yoast-schema-graph\">{\"@context\":\"https:\/\/schema.org\",\"@graph\":[{\"@type\":\"WebPage\",\"@id\":\"https:\/\/www.fundicion-de-aluminio.eu\/fr\/aviso-legal\/\",\"url\":\"https:\/\/www.fundicion-de-aluminio.eu\/fr\/aviso-legal\/\",\"name\":\"Aviso Legal - Seiak\",\"isPartOf\":{\"@id\":\"https:\/\/www.fundicion-de-aluminio.eu\/#website\"},\"datePublished\":\"2023-10-31T15:42:45+00:00\",\"dateModified\":\"2023-12-29T08:34:44+00:00\",\"breadcrumb\":{\"@id\":\"https:\/\/www.fundicion-de-aluminio.eu\/fr\/aviso-legal\/#breadcrumb\"},\"inLanguage\":\"fr-FR\",\"potentialAction\":[{\"@type\":\"ReadAction\",\"target\":[\"https:\/\/www.fundicion-de-aluminio.eu\/fr\/aviso-legal\/\"]}]},{\"@type\":\"BreadcrumbList\",\"@id\":\"https:\/\/www.fundicion-de-aluminio.eu\/fr\/aviso-legal\/#breadcrumb\",\"itemListElement\":[{\"@type\":\"ListItem\",\"position\":1,\"name\":\"Portada\",\"item\":\"https:\/\/www.fundicion-de-aluminio.eu\/en\/\"},{\"@type\":\"ListItem\",\"position\":2,\"name\":\"Aviso Legal\"}]},{\"@type\":\"WebSite\",\"@id\":\"https:\/\/www.fundicion-de-aluminio.eu\/#website\",\"url\":\"https:\/\/www.fundicion-de-aluminio.eu\/\",\"name\":\"Seiak\",\"description\":\"\",\"publisher\":{\"@id\":\"https:\/\/www.fundicion-de-aluminio.eu\/#organization\"},\"potentialAction\":[{\"@type\":\"SearchAction\",\"target\":{\"@type\":\"EntryPoint\",\"urlTemplate\":\"https:\/\/www.fundicion-de-aluminio.eu\/?s={search_term_string}\"},\"query-input\":\"required name=search_term_string\"}],\"inLanguage\":\"fr-FR\"},{\"@type\":\"Organization\",\"@id\":\"https:\/\/www.fundicion-de-aluminio.eu\/#organization\",\"name\":\"Seiak\",\"url\":\"https:\/\/www.fundicion-de-aluminio.eu\/\",\"logo\":{\"@type\":\"ImageObject\",\"inLanguage\":\"fr-FR\",\"@id\":\"https:\/\/www.fundicion-de-aluminio.eu\/#\/schema\/logo\/image\/\",\"url\":\"https:\/\/www.fundicion-de-aluminio.eu\/wp-content\/uploads\/2023\/10\/logo.svg\",\"contentUrl\":\"https:\/\/www.fundicion-de-aluminio.eu\/wp-content\/uploads\/2023\/10\/logo.svg\",\"width\":180,\"height\":89,\"caption\":\"Seiak\"},\"image\":{\"@id\":\"https:\/\/www.fundicion-de-aluminio.eu\/#\/schema\/logo\/image\/\"}}]}<\/script>\n<!-- \/ Yoast SEO plugin. -->","yoast_head_json":{"title":"Aviso Legal - Seiak","robots":{"index":"noindex","follow":"nofollow"},"og_locale":"fr_FR","og_type":"article","og_title":"Aviso Legal - Seiak","og_description":"Aviso Legal Titular del Sitio web FundicionDeAluminio.eu Los datos identificativos de FUNDICIONES SEIAK S.L. son los siguientes. FUNDICIONES SEIAK S.L. \u2028Barrio LA FLORIDA, 148\u2028Apartado N\u00ba 22\u202820120 Hernani (Gipuzkoa)Tel.: 943 556 650\u2028Fax: 943 555 268CIF: B20050142943 21 69 09\u00a0 \/ info@seiak.net \/ fundiciondealuminio.eu Contenido y uso El acceso al sitio web implica sin reservas la aceptaci\u00f3n [&hellip;]","og_url":"https:\/\/www.fundicion-de-aluminio.eu\/fr\/aviso-legal\/","og_site_name":"Seiak","article_modified_time":"2023-12-29T08:34:44+00:00","twitter_card":"summary_large_image","twitter_misc":{"Dur\u00e9e de lecture estim\u00e9e":"2 minutes"},"schema":{"@context":"https:\/\/schema.org","@graph":[{"@type":"WebPage","@id":"https:\/\/www.fundicion-de-aluminio.eu\/fr\/aviso-legal\/","url":"https:\/\/www.fundicion-de-aluminio.eu\/fr\/aviso-legal\/","name":"Aviso Legal - Seiak","isPartOf":{"@id":"https:\/\/www.fundicion-de-aluminio.eu\/#website"},"datePublished":"2023-10-31T15:42:45+00:00","dateModified":"2023-12-29T08:34:44+00:00","breadcrumb":{"@id":"https:\/\/www.fundicion-de-aluminio.eu\/fr\/aviso-legal\/#breadcrumb"},"inLanguage":"fr-FR","potentialAction":[{"@type":"ReadAction","target":["https:\/\/www.fundicion-de-aluminio.eu\/fr\/aviso-legal\/"]}]},{"@type":"BreadcrumbList","@id":"https:\/\/www.fundicion-de-aluminio.eu\/fr\/aviso-legal\/#breadcrumb","itemListElement":[{"@type":"ListItem","position":1,"name":"Portada","item":"https:\/\/www.fundicion-de-aluminio.eu\/en\/"},{"@type":"ListItem","position":2,"name":"Aviso Legal"}]},{"@type":"WebSite","@id":"https:\/\/www.fundicion-de-aluminio.eu\/#website","url":"https:\/\/www.fundicion-de-aluminio.eu\/","name":"Seiak","description":"","publisher":{"@id":"https:\/\/www.fundicion-de-aluminio.eu\/#organization"},"potentialAction":[{"@type":"SearchAction","target":{"@type":"EntryPoint","urlTemplate":"https:\/\/www.fundicion-de-aluminio.eu\/?s={search_term_string}"},"query-input":"required name=search_term_string"}],"inLanguage":"fr-FR"},{"@type":"Organization","@id":"https:\/\/www.fundicion-de-aluminio.eu\/#organization","name":"Seiak","url":"https:\/\/www.fundicion-de-aluminio.eu\/","logo":{"@type":"ImageObject","inLanguage":"fr-FR","@id":"https:\/\/www.fundicion-de-aluminio.eu\/#\/schema\/logo\/image\/","url":"https:\/\/www.fundicion-de-aluminio.eu\/wp-content\/uploads\/2023\/10\/logo.svg","contentUrl":"https:\/\/www.fundicion-de-aluminio.eu\/wp-content\/uploads\/2023\/10\/logo.svg","width":180,"height":89,"caption":"Seiak"},"image":{"@id":"https:\/\/www.fundicion-de-aluminio.eu\/#\/schema\/logo\/image\/"}}]}},"_links":{"self":[{"href":"https:\/\/www.fundicion-de-aluminio.eu\/fr\/wp-json\/wp\/v2\/pages\/820","targetHints":{"allow":["GET"]}}],"collection":[{"href":"https:\/\/www.fundicion-de-aluminio.eu\/fr\/wp-json\/wp\/v2\/pages"}],"about":[{"href":"https:\/\/www.fundicion-de-aluminio.eu\/fr\/wp-json\/wp\/v2\/types\/page"}],"author":[{"embeddable":true,"href":"https:\/\/www.fundicion-de-aluminio.eu\/fr\/wp-json\/wp\/v2\/users\/1"}],"replies":[{"embeddable":true,"href":"https:\/\/www.fundicion-de-aluminio.eu\/fr\/wp-json\/wp\/v2\/comments?post=820"}],"version-history":[{"count":1,"href":"https:\/\/www.fundicion-de-aluminio.eu\/fr\/wp-json\/wp\/v2\/pages\/820\/revisions"}],"predecessor-version":[{"id":896,"href":"https:\/\/www.fundicion-de-aluminio.eu\/fr\/wp-json\/wp\/v2\/pages\/820\/revisions\/896"}],"wp:attachment":[{"href":"https:\/\/www.fundicion-de-aluminio.eu\/fr\/wp-json\/wp\/v2\/media?parent=820"}],"curies":[{"name":"wp","href":"https:\/\/api.w.org\/{rel}","templated":true}]}}